{"id":5477,"date":"2020-06-18T14:08:02","date_gmt":"2020-06-18T14:08:02","guid":{"rendered":"https:\/\/www.ioakimidis.com\/quality-control\/"},"modified":"2021-09-14T13:12:00","modified_gmt":"2021-09-14T13:12:00","slug":"quality-control","status":"publish","type":"page","link":"https:\/\/www.ioakimidis.com\/de\/quality-control\/","title":{"rendered":"QUALITASKONTROLLE"},"content":{"rendered":"","protected":false},"excerpt":{"rendered":"","protected":false},"author":7,"featured_media":0,"parent":0,"menu_order":21,"comment_status":"closed","ping_status":"closed","template":"","meta":{"footnotes":""},"class_list":["post-5477","page","type-page","status-publish","hentry"],"acf":[],"yoast_head":"<!-- This site is optimized with the Yoast SEO plugin v24.9 - https:\/\/yoast.com\/wordpress\/plugins\/seo\/ -->\n<title>QUALITASKONTROLLE - Ioakimidis<\/title>\n<meta name=\"description\" content=\"Wir f\u00fchren t\u00e4glich unz\u00e4hlige Qualit\u00e4tskontrollen durch und wenden strenge Qualit\u00e4tskriterien auf allen Ebenen des Unternehmens an, um sicherzustellen, dass die Stoffe, die den Endverbraucher erreichen, tadellos sind. Der gesamte Inspektionsprozess ist computergest\u00fctzt, was uns die M\u00f6glichkeit gibt, alle Befunde digital zu erfassen.\" \/>\n<meta name=\"robots\" content=\"index, follow, max-snippet:-1, max-image-preview:large, max-video-preview:-1\" \/>\n<link rel=\"canonical\" href=\"https:\/\/www.ioakimidis.com\/de\/quality-control\/\" \/>\n<meta property=\"og:locale\" content=\"de_DE\" \/>\n<meta property=\"og:type\" content=\"article\" \/>\n<meta property=\"og:title\" content=\"QUALITASKONTROLLE - Ioakimidis\" \/>\n<meta property=\"og:description\" content=\"Wir f\u00fchren t\u00e4glich unz\u00e4hlige Qualit\u00e4tskontrollen durch und wenden strenge Qualit\u00e4tskriterien auf allen Ebenen des Unternehmens an, um sicherzustellen, dass die Stoffe, die den Endverbraucher erreichen, tadellos sind. Der gesamte Inspektionsprozess ist computergest\u00fctzt, was uns die M\u00f6glichkeit gibt, alle Befunde digital zu erfassen.\" \/>\n<meta property=\"og:url\" content=\"https:\/\/www.ioakimidis.com\/de\/quality-control\/\" \/>\n<meta property=\"og:site_name\" content=\"Ioakimidis\" \/>\n<meta property=\"article:publisher\" content=\"https:\/\/www.facebook.com\/ioakimidis.textiles\/\" \/>\n<meta property=\"article:modified_time\" content=\"2021-09-14T13:12:00+00:00\" \/>\n<meta name=\"twitter:card\" content=\"summary_large_image\" \/>\n<script type=\"application\/ld+json\" class=\"yoast-schema-graph\">{\"@context\":\"https:\/\/schema.org\",\"@graph\":[{\"@type\":\"WebPage\",\"@id\":\"https:\/\/www.ioakimidis.com\/de\/quality-control\/\",\"url\":\"https:\/\/www.ioakimidis.com\/de\/quality-control\/\",\"name\":\"QUALITASKONTROLLE - Ioakimidis\",\"isPartOf\":{\"@id\":\"https:\/\/www.ioakimidis.com\/#website\"},\"datePublished\":\"2020-06-18T14:08:02+00:00\",\"dateModified\":\"2021-09-14T13:12:00+00:00\",\"description\":\"Wir f\u00fchren t\u00e4glich unz\u00e4hlige Qualit\u00e4tskontrollen durch und wenden strenge Qualit\u00e4tskriterien auf allen Ebenen des Unternehmens an, um sicherzustellen, dass die Stoffe, die den Endverbraucher erreichen, tadellos sind. Der gesamte Inspektionsprozess ist computergest\u00fctzt, was uns die M\u00f6glichkeit gibt, alle Befunde digital zu erfassen.\",\"breadcrumb\":{\"@id\":\"https:\/\/www.ioakimidis.com\/de\/quality-control\/#breadcrumb\"},\"inLanguage\":\"de\",\"potentialAction\":[{\"@type\":\"ReadAction\",\"target\":[\"https:\/\/www.ioakimidis.com\/de\/quality-control\/\"]}]},{\"@type\":\"BreadcrumbList\",\"@id\":\"https:\/\/www.ioakimidis.com\/de\/quality-control\/#breadcrumb\",\"itemListElement\":[{\"@type\":\"ListItem\",\"position\":1,\"name\":\"Home\",\"item\":\"https:\/\/www.ioakimidis.com\/de\/\"},{\"@type\":\"ListItem\",\"position\":2,\"name\":\"QUALITASKONTROLLE\"}]},{\"@type\":\"WebSite\",\"@id\":\"https:\/\/www.ioakimidis.com\/#website\",\"url\":\"https:\/\/www.ioakimidis.com\/\",\"name\":\"Ioakimidis\",\"description\":\"\",\"publisher\":{\"@id\":\"https:\/\/www.ioakimidis.com\/#organization\"},\"potentialAction\":[{\"@type\":\"SearchAction\",\"target\":{\"@type\":\"EntryPoint\",\"urlTemplate\":\"https:\/\/www.ioakimidis.com\/?s={search_term_string}\"},\"query-input\":{\"@type\":\"PropertyValueSpecification\",\"valueRequired\":true,\"valueName\":\"search_term_string\"}}],\"inLanguage\":\"de\"},{\"@type\":\"Organization\",\"@id\":\"https:\/\/www.ioakimidis.com\/#organization\",\"name\":\"Ioakimidis Textiles\",\"url\":\"https:\/\/www.ioakimidis.com\/\",\"logo\":{\"@type\":\"ImageObject\",\"inLanguage\":\"de\",\"@id\":\"https:\/\/www.ioakimidis.com\/#\/schema\/logo\/image\/\",\"url\":\"https:\/\/www.ioakimidis.com\/wp-content\/uploads\/2019\/10\/Logo.png\",\"contentUrl\":\"https:\/\/www.ioakimidis.com\/wp-content\/uploads\/2019\/10\/Logo.png\",\"width\":501,\"height\":125,\"caption\":\"Ioakimidis Textiles\"},\"image\":{\"@id\":\"https:\/\/www.ioakimidis.com\/#\/schema\/logo\/image\/\"},\"sameAs\":[\"https:\/\/www.facebook.com\/ioakimidis.textiles\/\",\"https:\/\/www.instagram.com\/ioakimidis_textiles\/?hl=el\",\"https:\/\/www.linkedin.com\/company\/ioakimidis-textiles\/mycompany\/?viewAsMember=true\",\"https:\/\/www.youtube.com\/watch?v=KCilRMQjxpo\"]}]}<\/script>\n<!-- \/ Yoast SEO plugin. -->","yoast_head_json":{"title":"QUALITASKONTROLLE - Ioakimidis","description":"Wir f\u00fchren t\u00e4glich unz\u00e4hlige Qualit\u00e4tskontrollen durch und wenden strenge Qualit\u00e4tskriterien auf allen Ebenen des Unternehmens an, um sicherzustellen, dass die Stoffe, die den Endverbraucher erreichen, tadellos sind. Der gesamte Inspektionsprozess ist computergest\u00fctzt, was uns die M\u00f6glichkeit gibt, alle Befunde digital zu erfassen.","robots":{"index":"index","follow":"follow","max-snippet":"max-snippet:-1","max-image-preview":"max-image-preview:large","max-video-preview":"max-video-preview:-1"},"canonical":"https:\/\/www.ioakimidis.com\/de\/quality-control\/","og_locale":"de_DE","og_type":"article","og_title":"QUALITASKONTROLLE - Ioakimidis","og_description":"Wir f\u00fchren t\u00e4glich unz\u00e4hlige Qualit\u00e4tskontrollen durch und wenden strenge Qualit\u00e4tskriterien auf allen Ebenen des Unternehmens an, um sicherzustellen, dass die Stoffe, die den Endverbraucher erreichen, tadellos sind. Der gesamte Inspektionsprozess ist computergest\u00fctzt, was uns die M\u00f6glichkeit gibt, alle Befunde digital zu erfassen.","og_url":"https:\/\/www.ioakimidis.com\/de\/quality-control\/","og_site_name":"Ioakimidis","article_publisher":"https:\/\/www.facebook.com\/ioakimidis.textiles\/","article_modified_time":"2021-09-14T13:12:00+00:00","twitter_card":"summary_large_image","schema":{"@context":"https:\/\/schema.org","@graph":[{"@type":"WebPage","@id":"https:\/\/www.ioakimidis.com\/de\/quality-control\/","url":"https:\/\/www.ioakimidis.com\/de\/quality-control\/","name":"QUALITASKONTROLLE - Ioakimidis","isPartOf":{"@id":"https:\/\/www.ioakimidis.com\/#website"},"datePublished":"2020-06-18T14:08:02+00:00","dateModified":"2021-09-14T13:12:00+00:00","description":"Wir f\u00fchren t\u00e4glich unz\u00e4hlige Qualit\u00e4tskontrollen durch und wenden strenge Qualit\u00e4tskriterien auf allen Ebenen des Unternehmens an, um sicherzustellen, dass die Stoffe, die den Endverbraucher erreichen, tadellos sind. Der gesamte Inspektionsprozess ist computergest\u00fctzt, was uns die M\u00f6glichkeit gibt, alle Befunde digital zu erfassen.","breadcrumb":{"@id":"https:\/\/www.ioakimidis.com\/de\/quality-control\/#breadcrumb"},"inLanguage":"de","potentialAction":[{"@type":"ReadAction","target":["https:\/\/www.ioakimidis.com\/de\/quality-control\/"]}]},{"@type":"BreadcrumbList","@id":"https:\/\/www.ioakimidis.com\/de\/quality-control\/#breadcrumb","itemListElement":[{"@type":"ListItem","position":1,"name":"Home","item":"https:\/\/www.ioakimidis.com\/de\/"},{"@type":"ListItem","position":2,"name":"QUALITASKONTROLLE"}]},{"@type":"WebSite","@id":"https:\/\/www.ioakimidis.com\/#website","url":"https:\/\/www.ioakimidis.com\/","name":"Ioakimidis","description":"","publisher":{"@id":"https:\/\/www.ioakimidis.com\/#organization"},"potentialAction":[{"@type":"SearchAction","target":{"@type":"EntryPoint","urlTemplate":"https:\/\/www.ioakimidis.com\/?s={search_term_string}"},"query-input":{"@type":"PropertyValueSpecification","valueRequired":true,"valueName":"search_term_string"}}],"inLanguage":"de"},{"@type":"Organization","@id":"https:\/\/www.ioakimidis.com\/#organization","name":"Ioakimidis Textiles","url":"https:\/\/www.ioakimidis.com\/","logo":{"@type":"ImageObject","inLanguage":"de","@id":"https:\/\/www.ioakimidis.com\/#\/schema\/logo\/image\/","url":"https:\/\/www.ioakimidis.com\/wp-content\/uploads\/2019\/10\/Logo.png","contentUrl":"https:\/\/www.ioakimidis.com\/wp-content\/uploads\/2019\/10\/Logo.png","width":501,"height":125,"caption":"Ioakimidis Textiles"},"image":{"@id":"https:\/\/www.ioakimidis.com\/#\/schema\/logo\/image\/"},"sameAs":["https:\/\/www.facebook.com\/ioakimidis.textiles\/","https:\/\/www.instagram.com\/ioakimidis_textiles\/?hl=el","https:\/\/www.linkedin.com\/company\/ioakimidis-textiles\/mycompany\/?viewAsMember=true","https:\/\/www.youtube.com\/watch?v=KCilRMQjxpo"]}]}},"_links":{"self":[{"href":"https:\/\/www.ioakimidis.com\/de\/wp-json\/wp\/v2\/pages\/5477","targetHints":{"allow":["GET"]}}],"collection":[{"href":"https:\/\/www.ioakimidis.com\/de\/wp-json\/wp\/v2\/pages"}],"about":[{"href":"https:\/\/www.ioakimidis.com\/de\/wp-json\/wp\/v2\/types\/page"}],"author":[{"embeddable":true,"href":"https:\/\/www.ioakimidis.com\/de\/wp-json\/wp\/v2\/users\/7"}],"replies":[{"embeddable":true,"href":"https:\/\/www.ioakimidis.com\/de\/wp-json\/wp\/v2\/comments?post=5477"}],"version-history":[{"count":17,"href":"https:\/\/www.ioakimidis.com\/de\/wp-json\/wp\/v2\/pages\/5477\/revisions"}],"predecessor-version":[{"id":6615,"href":"https:\/\/www.ioakimidis.com\/de\/wp-json\/wp\/v2\/pages\/5477\/revisions\/6615"}],"wp:attachment":[{"href":"https:\/\/www.ioakimidis.com\/de\/wp-json\/wp\/v2\/media?parent=5477"}],"curies":[{"name":"wp","href":"https:\/\/api.w.org\/{rel}","templated":true}]}}