{"id":5661,"date":"2019-09-27T06:39:28","date_gmt":"2019-09-27T06:39:28","guid":{"rendered":"https:\/\/www.ioakimidis.com\/international-fairs\/"},"modified":"2021-09-14T13:18:10","modified_gmt":"2021-09-14T13:18:10","slug":"international-fairs","status":"publish","type":"page","link":"https:\/\/www.ioakimidis.com\/de\/international-fairs\/","title":{"rendered":"INTERNATIONALE MESSEN"},"content":{"rendered":"","protected":false},"excerpt":{"rendered":"","protected":false},"author":7,"featured_media":0,"parent":0,"menu_order":41,"comment_status":"closed","ping_status":"closed","template":"","meta":{"footnotes":""},"class_list":["post-5661","page","type-page","status-publish","hentry"],"acf":[],"yoast_head":"<!-- This site is optimized with the Yoast SEO plugin v24.9 - https:\/\/yoast.com\/wordpress\/plugins\/seo\/ -->\n<title>INTERNATIONALE MESSEN - Ioakimidis<\/title>\n<meta name=\"description\" content=\"Wir nehmen an den wichtigsten Stoff- und Textilmessen teil, pr\u00e4sentieren unsere Produkte und Dienstleistungen, halten uns \u00fcber die neuesten Trends und Technologien auf dem Laufenden und schlie\u00dfen neue Partnerschaften, die uns helfen, unseren Markennamen weltweit weiter auszubauen.\" \/>\n<meta name=\"robots\" content=\"index, follow, max-snippet:-1, max-image-preview:large, max-video-preview:-1\" \/>\n<link rel=\"canonical\" href=\"https:\/\/www.ioakimidis.com\/de\/international-fairs\/\" \/>\n<meta property=\"og:locale\" content=\"de_DE\" \/>\n<meta property=\"og:type\" content=\"article\" \/>\n<meta property=\"og:title\" content=\"INTERNATIONALE MESSEN - Ioakimidis\" \/>\n<meta property=\"og:description\" content=\"Wir nehmen an den wichtigsten Stoff- und Textilmessen teil, pr\u00e4sentieren unsere Produkte und Dienstleistungen, halten uns \u00fcber die neuesten Trends und Technologien auf dem Laufenden und schlie\u00dfen neue Partnerschaften, die uns helfen, unseren Markennamen weltweit weiter auszubauen.\" \/>\n<meta property=\"og:url\" content=\"https:\/\/www.ioakimidis.com\/de\/international-fairs\/\" \/>\n<meta property=\"og:site_name\" content=\"Ioakimidis\" \/>\n<meta property=\"article:publisher\" content=\"https:\/\/www.facebook.com\/ioakimidis.textiles\/\" \/>\n<meta property=\"article:modified_time\" content=\"2021-09-14T13:18:10+00:00\" \/>\n<meta name=\"twitter:card\" content=\"summary_large_image\" \/>\n<script type=\"application\/ld+json\" class=\"yoast-schema-graph\">{\"@context\":\"https:\/\/schema.org\",\"@graph\":[{\"@type\":\"WebPage\",\"@id\":\"https:\/\/www.ioakimidis.com\/de\/international-fairs\/\",\"url\":\"https:\/\/www.ioakimidis.com\/de\/international-fairs\/\",\"name\":\"INTERNATIONALE MESSEN - Ioakimidis\",\"isPartOf\":{\"@id\":\"https:\/\/www.ioakimidis.com\/#website\"},\"datePublished\":\"2019-09-27T06:39:28+00:00\",\"dateModified\":\"2021-09-14T13:18:10+00:00\",\"description\":\"Wir nehmen an den wichtigsten Stoff- und Textilmessen teil, pr\u00e4sentieren unsere Produkte und Dienstleistungen, halten uns \u00fcber die neuesten Trends und Technologien auf dem Laufenden und schlie\u00dfen neue Partnerschaften, die uns helfen, unseren Markennamen weltweit weiter auszubauen.\",\"breadcrumb\":{\"@id\":\"https:\/\/www.ioakimidis.com\/de\/international-fairs\/#breadcrumb\"},\"inLanguage\":\"de\",\"potentialAction\":[{\"@type\":\"ReadAction\",\"target\":[\"https:\/\/www.ioakimidis.com\/de\/international-fairs\/\"]}]},{\"@type\":\"BreadcrumbList\",\"@id\":\"https:\/\/www.ioakimidis.com\/de\/international-fairs\/#breadcrumb\",\"itemListElement\":[{\"@type\":\"ListItem\",\"position\":1,\"name\":\"Home\",\"item\":\"https:\/\/www.ioakimidis.com\/de\/\"},{\"@type\":\"ListItem\",\"position\":2,\"name\":\"INTERNATIONALE MESSEN\"}]},{\"@type\":\"WebSite\",\"@id\":\"https:\/\/www.ioakimidis.com\/#website\",\"url\":\"https:\/\/www.ioakimidis.com\/\",\"name\":\"Ioakimidis\",\"description\":\"\",\"publisher\":{\"@id\":\"https:\/\/www.ioakimidis.com\/#organization\"},\"potentialAction\":[{\"@type\":\"SearchAction\",\"target\":{\"@type\":\"EntryPoint\",\"urlTemplate\":\"https:\/\/www.ioakimidis.com\/?s={search_term_string}\"},\"query-input\":{\"@type\":\"PropertyValueSpecification\",\"valueRequired\":true,\"valueName\":\"search_term_string\"}}],\"inLanguage\":\"de\"},{\"@type\":\"Organization\",\"@id\":\"https:\/\/www.ioakimidis.com\/#organization\",\"name\":\"Ioakimidis Textiles\",\"url\":\"https:\/\/www.ioakimidis.com\/\",\"logo\":{\"@type\":\"ImageObject\",\"inLanguage\":\"de\",\"@id\":\"https:\/\/www.ioakimidis.com\/#\/schema\/logo\/image\/\",\"url\":\"https:\/\/www.ioakimidis.com\/wp-content\/uploads\/2019\/10\/Logo.png\",\"contentUrl\":\"https:\/\/www.ioakimidis.com\/wp-content\/uploads\/2019\/10\/Logo.png\",\"width\":501,\"height\":125,\"caption\":\"Ioakimidis Textiles\"},\"image\":{\"@id\":\"https:\/\/www.ioakimidis.com\/#\/schema\/logo\/image\/\"},\"sameAs\":[\"https:\/\/www.facebook.com\/ioakimidis.textiles\/\",\"https:\/\/www.instagram.com\/ioakimidis_textiles\/?hl=el\",\"https:\/\/www.linkedin.com\/company\/ioakimidis-textiles\/mycompany\/?viewAsMember=true\",\"https:\/\/www.youtube.com\/watch?v=KCilRMQjxpo\"]}]}<\/script>\n<!-- \/ Yoast SEO plugin. -->","yoast_head_json":{"title":"INTERNATIONALE MESSEN - Ioakimidis","description":"Wir nehmen an den wichtigsten Stoff- und Textilmessen teil, pr\u00e4sentieren unsere Produkte und Dienstleistungen, halten uns \u00fcber die neuesten Trends und Technologien auf dem Laufenden und schlie\u00dfen neue Partnerschaften, die uns helfen, unseren Markennamen weltweit weiter auszubauen.","robots":{"index":"index","follow":"follow","max-snippet":"max-snippet:-1","max-image-preview":"max-image-preview:large","max-video-preview":"max-video-preview:-1"},"canonical":"https:\/\/www.ioakimidis.com\/de\/international-fairs\/","og_locale":"de_DE","og_type":"article","og_title":"INTERNATIONALE MESSEN - Ioakimidis","og_description":"Wir nehmen an den wichtigsten Stoff- und Textilmessen teil, pr\u00e4sentieren unsere Produkte und Dienstleistungen, halten uns \u00fcber die neuesten Trends und Technologien auf dem Laufenden und schlie\u00dfen neue Partnerschaften, die uns helfen, unseren Markennamen weltweit weiter auszubauen.","og_url":"https:\/\/www.ioakimidis.com\/de\/international-fairs\/","og_site_name":"Ioakimidis","article_publisher":"https:\/\/www.facebook.com\/ioakimidis.textiles\/","article_modified_time":"2021-09-14T13:18:10+00:00","twitter_card":"summary_large_image","schema":{"@context":"https:\/\/schema.org","@graph":[{"@type":"WebPage","@id":"https:\/\/www.ioakimidis.com\/de\/international-fairs\/","url":"https:\/\/www.ioakimidis.com\/de\/international-fairs\/","name":"INTERNATIONALE MESSEN - Ioakimidis","isPartOf":{"@id":"https:\/\/www.ioakimidis.com\/#website"},"datePublished":"2019-09-27T06:39:28+00:00","dateModified":"2021-09-14T13:18:10+00:00","description":"Wir nehmen an den wichtigsten Stoff- und Textilmessen teil, pr\u00e4sentieren unsere Produkte und Dienstleistungen, halten uns \u00fcber die neuesten Trends und Technologien auf dem Laufenden und schlie\u00dfen neue Partnerschaften, die uns helfen, unseren Markennamen weltweit weiter auszubauen.","breadcrumb":{"@id":"https:\/\/www.ioakimidis.com\/de\/international-fairs\/#breadcrumb"},"inLanguage":"de","potentialAction":[{"@type":"ReadAction","target":["https:\/\/www.ioakimidis.com\/de\/international-fairs\/"]}]},{"@type":"BreadcrumbList","@id":"https:\/\/www.ioakimidis.com\/de\/international-fairs\/#breadcrumb","itemListElement":[{"@type":"ListItem","position":1,"name":"Home","item":"https:\/\/www.ioakimidis.com\/de\/"},{"@type":"ListItem","position":2,"name":"INTERNATIONALE MESSEN"}]},{"@type":"WebSite","@id":"https:\/\/www.ioakimidis.com\/#website","url":"https:\/\/www.ioakimidis.com\/","name":"Ioakimidis","description":"","publisher":{"@id":"https:\/\/www.ioakimidis.com\/#organization"},"potentialAction":[{"@type":"SearchAction","target":{"@type":"EntryPoint","urlTemplate":"https:\/\/www.ioakimidis.com\/?s={search_term_string}"},"query-input":{"@type":"PropertyValueSpecification","valueRequired":true,"valueName":"search_term_string"}}],"inLanguage":"de"},{"@type":"Organization","@id":"https:\/\/www.ioakimidis.com\/#organization","name":"Ioakimidis Textiles","url":"https:\/\/www.ioakimidis.com\/","logo":{"@type":"ImageObject","inLanguage":"de","@id":"https:\/\/www.ioakimidis.com\/#\/schema\/logo\/image\/","url":"https:\/\/www.ioakimidis.com\/wp-content\/uploads\/2019\/10\/Logo.png","contentUrl":"https:\/\/www.ioakimidis.com\/wp-content\/uploads\/2019\/10\/Logo.png","width":501,"height":125,"caption":"Ioakimidis Textiles"},"image":{"@id":"https:\/\/www.ioakimidis.com\/#\/schema\/logo\/image\/"},"sameAs":["https:\/\/www.facebook.com\/ioakimidis.textiles\/","https:\/\/www.instagram.com\/ioakimidis_textiles\/?hl=el","https:\/\/www.linkedin.com\/company\/ioakimidis-textiles\/mycompany\/?viewAsMember=true","https:\/\/www.youtube.com\/watch?v=KCilRMQjxpo"]}]}},"_links":{"self":[{"href":"https:\/\/www.ioakimidis.com\/de\/wp-json\/wp\/v2\/pages\/5661","targetHints":{"allow":["GET"]}}],"collection":[{"href":"https:\/\/www.ioakimidis.com\/de\/wp-json\/wp\/v2\/pages"}],"about":[{"href":"https:\/\/www.ioakimidis.com\/de\/wp-json\/wp\/v2\/types\/page"}],"author":[{"embeddable":true,"href":"https:\/\/www.ioakimidis.com\/de\/wp-json\/wp\/v2\/users\/7"}],"replies":[{"embeddable":true,"href":"https:\/\/www.ioakimidis.com\/de\/wp-json\/wp\/v2\/comments?post=5661"}],"version-history":[{"count":4,"href":"https:\/\/www.ioakimidis.com\/de\/wp-json\/wp\/v2\/pages\/5661\/revisions"}],"predecessor-version":[{"id":5666,"href":"https:\/\/www.ioakimidis.com\/de\/wp-json\/wp\/v2\/pages\/5661\/revisions\/5666"}],"wp:attachment":[{"href":"https:\/\/www.ioakimidis.com\/de\/wp-json\/wp\/v2\/media?parent=5661"}],"curies":[{"name":"wp","href":"https:\/\/api.w.org\/{rel}","templated":true}]}}