{"id":5702,"date":"2020-06-19T19:04:16","date_gmt":"2020-06-19T19:04:16","guid":{"rendered":"https:\/\/www.ioakimidis.com\/career\/"},"modified":"2021-09-14T13:09:38","modified_gmt":"2021-09-14T13:09:38","slug":"career","status":"publish","type":"page","link":"https:\/\/www.ioakimidis.com\/de\/career\/","title":{"rendered":"KARRIERE"},"content":{"rendered":"","protected":false},"excerpt":{"rendered":"","protected":false},"author":7,"featured_media":0,"parent":0,"menu_order":5,"comment_status":"closed","ping_status":"closed","template":"","meta":{"footnotes":""},"class_list":["post-5702","page","type-page","status-publish","hentry"],"acf":[],"yoast_head":"<!-- This site is optimized with the Yoast SEO plugin v24.9 - https:\/\/yoast.com\/wordpress\/plugins\/seo\/ -->\n<title>KARRIERE - Ioakimidis<\/title>\n<meta name=\"description\" content=\"Wir investieren in unsere Mitarbeiter und bieten ihnen Zugang zu Wissen, Know-how, kontinuierlicher Weiterbildung, exzellenten Arbeitsbedingungen und M\u00f6glichkeiten zur pers\u00f6nlichen Entwicklung in einem famili\u00e4ren Umfeld mit internationalem Anspruch.\" \/>\n<meta name=\"robots\" content=\"index, follow, max-snippet:-1, max-image-preview:large, max-video-preview:-1\" \/>\n<link rel=\"canonical\" href=\"https:\/\/www.ioakimidis.com\/de\/career\/\" \/>\n<meta property=\"og:locale\" content=\"de_DE\" \/>\n<meta property=\"og:type\" content=\"article\" \/>\n<meta property=\"og:title\" content=\"KARRIERE - Ioakimidis\" \/>\n<meta property=\"og:description\" content=\"Wir investieren in unsere Mitarbeiter und bieten ihnen Zugang zu Wissen, Know-how, kontinuierlicher Weiterbildung, exzellenten Arbeitsbedingungen und M\u00f6glichkeiten zur pers\u00f6nlichen Entwicklung in einem famili\u00e4ren Umfeld mit internationalem Anspruch.\" \/>\n<meta property=\"og:url\" content=\"https:\/\/www.ioakimidis.com\/de\/career\/\" \/>\n<meta property=\"og:site_name\" content=\"Ioakimidis\" \/>\n<meta property=\"article:publisher\" content=\"https:\/\/www.facebook.com\/ioakimidis.textiles\/\" \/>\n<meta property=\"article:modified_time\" content=\"2021-09-14T13:09:38+00:00\" \/>\n<meta name=\"twitter:card\" content=\"summary_large_image\" \/>\n<script type=\"application\/ld+json\" class=\"yoast-schema-graph\">{\"@context\":\"https:\/\/schema.org\",\"@graph\":[{\"@type\":\"WebPage\",\"@id\":\"https:\/\/www.ioakimidis.com\/de\/career\/\",\"url\":\"https:\/\/www.ioakimidis.com\/de\/career\/\",\"name\":\"KARRIERE - Ioakimidis\",\"isPartOf\":{\"@id\":\"https:\/\/www.ioakimidis.com\/#website\"},\"datePublished\":\"2020-06-19T19:04:16+00:00\",\"dateModified\":\"2021-09-14T13:09:38+00:00\",\"description\":\"Wir investieren in unsere Mitarbeiter und bieten ihnen Zugang zu Wissen, Know-how, kontinuierlicher Weiterbildung, exzellenten Arbeitsbedingungen und M\u00f6glichkeiten zur pers\u00f6nlichen Entwicklung in einem famili\u00e4ren Umfeld mit internationalem Anspruch.\",\"breadcrumb\":{\"@id\":\"https:\/\/www.ioakimidis.com\/de\/career\/#breadcrumb\"},\"inLanguage\":\"de\",\"potentialAction\":[{\"@type\":\"ReadAction\",\"target\":[\"https:\/\/www.ioakimidis.com\/de\/career\/\"]}]},{\"@type\":\"BreadcrumbList\",\"@id\":\"https:\/\/www.ioakimidis.com\/de\/career\/#breadcrumb\",\"itemListElement\":[{\"@type\":\"ListItem\",\"position\":1,\"name\":\"Home\",\"item\":\"https:\/\/www.ioakimidis.com\/de\/\"},{\"@type\":\"ListItem\",\"position\":2,\"name\":\"KARRIERE\"}]},{\"@type\":\"WebSite\",\"@id\":\"https:\/\/www.ioakimidis.com\/#website\",\"url\":\"https:\/\/www.ioakimidis.com\/\",\"name\":\"Ioakimidis\",\"description\":\"\",\"publisher\":{\"@id\":\"https:\/\/www.ioakimidis.com\/#organization\"},\"potentialAction\":[{\"@type\":\"SearchAction\",\"target\":{\"@type\":\"EntryPoint\",\"urlTemplate\":\"https:\/\/www.ioakimidis.com\/?s={search_term_string}\"},\"query-input\":{\"@type\":\"PropertyValueSpecification\",\"valueRequired\":true,\"valueName\":\"search_term_string\"}}],\"inLanguage\":\"de\"},{\"@type\":\"Organization\",\"@id\":\"https:\/\/www.ioakimidis.com\/#organization\",\"name\":\"Ioakimidis Textiles\",\"url\":\"https:\/\/www.ioakimidis.com\/\",\"logo\":{\"@type\":\"ImageObject\",\"inLanguage\":\"de\",\"@id\":\"https:\/\/www.ioakimidis.com\/#\/schema\/logo\/image\/\",\"url\":\"https:\/\/www.ioakimidis.com\/wp-content\/uploads\/2019\/10\/Logo.png\",\"contentUrl\":\"https:\/\/www.ioakimidis.com\/wp-content\/uploads\/2019\/10\/Logo.png\",\"width\":501,\"height\":125,\"caption\":\"Ioakimidis Textiles\"},\"image\":{\"@id\":\"https:\/\/www.ioakimidis.com\/#\/schema\/logo\/image\/\"},\"sameAs\":[\"https:\/\/www.facebook.com\/ioakimidis.textiles\/\",\"https:\/\/www.instagram.com\/ioakimidis_textiles\/?hl=el\",\"https:\/\/www.linkedin.com\/company\/ioakimidis-textiles\/mycompany\/?viewAsMember=true\",\"https:\/\/www.youtube.com\/watch?v=KCilRMQjxpo\"]}]}<\/script>\n<!-- \/ Yoast SEO plugin. -->","yoast_head_json":{"title":"KARRIERE - Ioakimidis","description":"Wir investieren in unsere Mitarbeiter und bieten ihnen Zugang zu Wissen, Know-how, kontinuierlicher Weiterbildung, exzellenten Arbeitsbedingungen und M\u00f6glichkeiten zur pers\u00f6nlichen Entwicklung in einem famili\u00e4ren Umfeld mit internationalem Anspruch.","robots":{"index":"index","follow":"follow","max-snippet":"max-snippet:-1","max-image-preview":"max-image-preview:large","max-video-preview":"max-video-preview:-1"},"canonical":"https:\/\/www.ioakimidis.com\/de\/career\/","og_locale":"de_DE","og_type":"article","og_title":"KARRIERE - Ioakimidis","og_description":"Wir investieren in unsere Mitarbeiter und bieten ihnen Zugang zu Wissen, Know-how, kontinuierlicher Weiterbildung, exzellenten Arbeitsbedingungen und M\u00f6glichkeiten zur pers\u00f6nlichen Entwicklung in einem famili\u00e4ren Umfeld mit internationalem Anspruch.","og_url":"https:\/\/www.ioakimidis.com\/de\/career\/","og_site_name":"Ioakimidis","article_publisher":"https:\/\/www.facebook.com\/ioakimidis.textiles\/","article_modified_time":"2021-09-14T13:09:38+00:00","twitter_card":"summary_large_image","schema":{"@context":"https:\/\/schema.org","@graph":[{"@type":"WebPage","@id":"https:\/\/www.ioakimidis.com\/de\/career\/","url":"https:\/\/www.ioakimidis.com\/de\/career\/","name":"KARRIERE - Ioakimidis","isPartOf":{"@id":"https:\/\/www.ioakimidis.com\/#website"},"datePublished":"2020-06-19T19:04:16+00:00","dateModified":"2021-09-14T13:09:38+00:00","description":"Wir investieren in unsere Mitarbeiter und bieten ihnen Zugang zu Wissen, Know-how, kontinuierlicher Weiterbildung, exzellenten Arbeitsbedingungen und M\u00f6glichkeiten zur pers\u00f6nlichen Entwicklung in einem famili\u00e4ren Umfeld mit internationalem Anspruch.","breadcrumb":{"@id":"https:\/\/www.ioakimidis.com\/de\/career\/#breadcrumb"},"inLanguage":"de","potentialAction":[{"@type":"ReadAction","target":["https:\/\/www.ioakimidis.com\/de\/career\/"]}]},{"@type":"BreadcrumbList","@id":"https:\/\/www.ioakimidis.com\/de\/career\/#breadcrumb","itemListElement":[{"@type":"ListItem","position":1,"name":"Home","item":"https:\/\/www.ioakimidis.com\/de\/"},{"@type":"ListItem","position":2,"name":"KARRIERE"}]},{"@type":"WebSite","@id":"https:\/\/www.ioakimidis.com\/#website","url":"https:\/\/www.ioakimidis.com\/","name":"Ioakimidis","description":"","publisher":{"@id":"https:\/\/www.ioakimidis.com\/#organization"},"potentialAction":[{"@type":"SearchAction","target":{"@type":"EntryPoint","urlTemplate":"https:\/\/www.ioakimidis.com\/?s={search_term_string}"},"query-input":{"@type":"PropertyValueSpecification","valueRequired":true,"valueName":"search_term_string"}}],"inLanguage":"de"},{"@type":"Organization","@id":"https:\/\/www.ioakimidis.com\/#organization","name":"Ioakimidis Textiles","url":"https:\/\/www.ioakimidis.com\/","logo":{"@type":"ImageObject","inLanguage":"de","@id":"https:\/\/www.ioakimidis.com\/#\/schema\/logo\/image\/","url":"https:\/\/www.ioakimidis.com\/wp-content\/uploads\/2019\/10\/Logo.png","contentUrl":"https:\/\/www.ioakimidis.com\/wp-content\/uploads\/2019\/10\/Logo.png","width":501,"height":125,"caption":"Ioakimidis Textiles"},"image":{"@id":"https:\/\/www.ioakimidis.com\/#\/schema\/logo\/image\/"},"sameAs":["https:\/\/www.facebook.com\/ioakimidis.textiles\/","https:\/\/www.instagram.com\/ioakimidis_textiles\/?hl=el","https:\/\/www.linkedin.com\/company\/ioakimidis-textiles\/mycompany\/?viewAsMember=true","https:\/\/www.youtube.com\/watch?v=KCilRMQjxpo"]}]}},"_links":{"self":[{"href":"https:\/\/www.ioakimidis.com\/de\/wp-json\/wp\/v2\/pages\/5702","targetHints":{"allow":["GET"]}}],"collection":[{"href":"https:\/\/www.ioakimidis.com\/de\/wp-json\/wp\/v2\/pages"}],"about":[{"href":"https:\/\/www.ioakimidis.com\/de\/wp-json\/wp\/v2\/types\/page"}],"author":[{"embeddable":true,"href":"https:\/\/www.ioakimidis.com\/de\/wp-json\/wp\/v2\/users\/7"}],"replies":[{"embeddable":true,"href":"https:\/\/www.ioakimidis.com\/de\/wp-json\/wp\/v2\/comments?post=5702"}],"version-history":[{"count":5,"href":"https:\/\/www.ioakimidis.com\/de\/wp-json\/wp\/v2\/pages\/5702\/revisions"}],"predecessor-version":[{"id":5707,"href":"https:\/\/www.ioakimidis.com\/de\/wp-json\/wp\/v2\/pages\/5702\/revisions\/5707"}],"wp:attachment":[{"href":"https:\/\/www.ioakimidis.com\/de\/wp-json\/wp\/v2\/media?parent=5702"}],"curies":[{"name":"wp","href":"https:\/\/api.w.org\/{rel}","templated":true}]}}