{"id":6206,"date":"2019-09-27T06:39:01","date_gmt":"2019-09-27T06:39:01","guid":{"rendered":"https:\/\/www.ioakimidis.com\/basic\/"},"modified":"2021-09-15T07:17:45","modified_gmt":"2021-09-15T07:17:45","slug":"basic-textiles","status":"publish","type":"page","link":"https:\/\/www.ioakimidis.com\/es\/basic-textiles\/","title":{"rendered":"TEXTILES-B\u00c1SICOS"},"content":{"rendered":"","protected":false},"excerpt":{"rendered":"","protected":false},"author":7,"featured_media":0,"parent":0,"menu_order":44,"comment_status":"closed","ping_status":"closed","template":"","meta":{"footnotes":""},"class_list":["post-6206","page","type-page","status-publish","hentry"],"acf":[],"yoast_head":"<!-- This site is optimized with the Yoast SEO plugin v24.9 - https:\/\/yoast.com\/wordpress\/plugins\/seo\/ -->\n<title>TEXTILES-B\u00c1SICOS - Ioakimidis<\/title>\n<meta name=\"description\" content=\"Mant\u00e9ngalo simple\u2026 Nuestra Colecci\u00f3n B\u00e1sica para cada gusto, cada necesidad, cada ocasi\u00f3n.\" \/>\n<meta name=\"robots\" content=\"index, follow, max-snippet:-1, max-image-preview:large, max-video-preview:-1\" \/>\n<link rel=\"canonical\" href=\"https:\/\/www.ioakimidis.com\/es\/basic-textiles\/\" \/>\n<meta property=\"og:locale\" content=\"es_ES\" \/>\n<meta property=\"og:type\" content=\"article\" \/>\n<meta property=\"og:title\" content=\"TEXTILES-B\u00c1SICOS - Ioakimidis\" \/>\n<meta property=\"og:description\" content=\"Mant\u00e9ngalo simple\u2026 Nuestra Colecci\u00f3n B\u00e1sica para cada gusto, cada necesidad, cada ocasi\u00f3n.\" \/>\n<meta property=\"og:url\" content=\"https:\/\/www.ioakimidis.com\/es\/basic-textiles\/\" \/>\n<meta property=\"og:site_name\" content=\"Ioakimidis\" \/>\n<meta property=\"article:publisher\" content=\"https:\/\/www.facebook.com\/ioakimidis.textiles\/\" \/>\n<meta property=\"article:modified_time\" content=\"2021-09-15T07:17:45+00:00\" \/>\n<meta name=\"twitter:card\" content=\"summary_large_image\" \/>\n<script type=\"application\/ld+json\" class=\"yoast-schema-graph\">{\"@context\":\"https:\/\/schema.org\",\"@graph\":[{\"@type\":\"WebPage\",\"@id\":\"https:\/\/www.ioakimidis.com\/es\/basic-textiles\/\",\"url\":\"https:\/\/www.ioakimidis.com\/es\/basic-textiles\/\",\"name\":\"TEXTILES-B\u00c1SICOS - Ioakimidis\",\"isPartOf\":{\"@id\":\"https:\/\/www.ioakimidis.com\/#website\"},\"datePublished\":\"2019-09-27T06:39:01+00:00\",\"dateModified\":\"2021-09-15T07:17:45+00:00\",\"description\":\"Mant\u00e9ngalo simple\u2026 Nuestra Colecci\u00f3n B\u00e1sica para cada gusto, cada necesidad, cada ocasi\u00f3n.\",\"breadcrumb\":{\"@id\":\"https:\/\/www.ioakimidis.com\/es\/basic-textiles\/#breadcrumb\"},\"inLanguage\":\"es\",\"potentialAction\":[{\"@type\":\"ReadAction\",\"target\":[\"https:\/\/www.ioakimidis.com\/es\/basic-textiles\/\"]}]},{\"@type\":\"BreadcrumbList\",\"@id\":\"https:\/\/www.ioakimidis.com\/es\/basic-textiles\/#breadcrumb\",\"itemListElement\":[{\"@type\":\"ListItem\",\"position\":1,\"name\":\"Home\",\"item\":\"https:\/\/www.ioakimidis.com\/es\/\"},{\"@type\":\"ListItem\",\"position\":2,\"name\":\"TEXTILES-B\u00c1SICOS\"}]},{\"@type\":\"WebSite\",\"@id\":\"https:\/\/www.ioakimidis.com\/#website\",\"url\":\"https:\/\/www.ioakimidis.com\/\",\"name\":\"Ioakimidis\",\"description\":\"\",\"publisher\":{\"@id\":\"https:\/\/www.ioakimidis.com\/#organization\"},\"potentialAction\":[{\"@type\":\"SearchAction\",\"target\":{\"@type\":\"EntryPoint\",\"urlTemplate\":\"https:\/\/www.ioakimidis.com\/?s={search_term_string}\"},\"query-input\":{\"@type\":\"PropertyValueSpecification\",\"valueRequired\":true,\"valueName\":\"search_term_string\"}}],\"inLanguage\":\"es\"},{\"@type\":\"Organization\",\"@id\":\"https:\/\/www.ioakimidis.com\/#organization\",\"name\":\"Ioakimidis Textiles\",\"url\":\"https:\/\/www.ioakimidis.com\/\",\"logo\":{\"@type\":\"ImageObject\",\"inLanguage\":\"es\",\"@id\":\"https:\/\/www.ioakimidis.com\/#\/schema\/logo\/image\/\",\"url\":\"https:\/\/www.ioakimidis.com\/wp-content\/uploads\/2019\/10\/Logo.png\",\"contentUrl\":\"https:\/\/www.ioakimidis.com\/wp-content\/uploads\/2019\/10\/Logo.png\",\"width\":501,\"height\":125,\"caption\":\"Ioakimidis Textiles\"},\"image\":{\"@id\":\"https:\/\/www.ioakimidis.com\/#\/schema\/logo\/image\/\"},\"sameAs\":[\"https:\/\/www.facebook.com\/ioakimidis.textiles\/\",\"https:\/\/www.instagram.com\/ioakimidis_textiles\/?hl=el\",\"https:\/\/www.linkedin.com\/company\/ioakimidis-textiles\/mycompany\/?viewAsMember=true\",\"https:\/\/www.youtube.com\/watch?v=KCilRMQjxpo\"]}]}<\/script>\n<!-- \/ Yoast SEO plugin. -->","yoast_head_json":{"title":"TEXTILES-B\u00c1SICOS - Ioakimidis","description":"Mant\u00e9ngalo simple\u2026 Nuestra Colecci\u00f3n B\u00e1sica para cada gusto, cada necesidad, cada ocasi\u00f3n.","robots":{"index":"index","follow":"follow","max-snippet":"max-snippet:-1","max-image-preview":"max-image-preview:large","max-video-preview":"max-video-preview:-1"},"canonical":"https:\/\/www.ioakimidis.com\/es\/basic-textiles\/","og_locale":"es_ES","og_type":"article","og_title":"TEXTILES-B\u00c1SICOS - Ioakimidis","og_description":"Mant\u00e9ngalo simple\u2026 Nuestra Colecci\u00f3n B\u00e1sica para cada gusto, cada necesidad, cada ocasi\u00f3n.","og_url":"https:\/\/www.ioakimidis.com\/es\/basic-textiles\/","og_site_name":"Ioakimidis","article_publisher":"https:\/\/www.facebook.com\/ioakimidis.textiles\/","article_modified_time":"2021-09-15T07:17:45+00:00","twitter_card":"summary_large_image","schema":{"@context":"https:\/\/schema.org","@graph":[{"@type":"WebPage","@id":"https:\/\/www.ioakimidis.com\/es\/basic-textiles\/","url":"https:\/\/www.ioakimidis.com\/es\/basic-textiles\/","name":"TEXTILES-B\u00c1SICOS - Ioakimidis","isPartOf":{"@id":"https:\/\/www.ioakimidis.com\/#website"},"datePublished":"2019-09-27T06:39:01+00:00","dateModified":"2021-09-15T07:17:45+00:00","description":"Mant\u00e9ngalo simple\u2026 Nuestra Colecci\u00f3n B\u00e1sica para cada gusto, cada necesidad, cada ocasi\u00f3n.","breadcrumb":{"@id":"https:\/\/www.ioakimidis.com\/es\/basic-textiles\/#breadcrumb"},"inLanguage":"es","potentialAction":[{"@type":"ReadAction","target":["https:\/\/www.ioakimidis.com\/es\/basic-textiles\/"]}]},{"@type":"BreadcrumbList","@id":"https:\/\/www.ioakimidis.com\/es\/basic-textiles\/#breadcrumb","itemListElement":[{"@type":"ListItem","position":1,"name":"Home","item":"https:\/\/www.ioakimidis.com\/es\/"},{"@type":"ListItem","position":2,"name":"TEXTILES-B\u00c1SICOS"}]},{"@type":"WebSite","@id":"https:\/\/www.ioakimidis.com\/#website","url":"https:\/\/www.ioakimidis.com\/","name":"Ioakimidis","description":"","publisher":{"@id":"https:\/\/www.ioakimidis.com\/#organization"},"potentialAction":[{"@type":"SearchAction","target":{"@type":"EntryPoint","urlTemplate":"https:\/\/www.ioakimidis.com\/?s={search_term_string}"},"query-input":{"@type":"PropertyValueSpecification","valueRequired":true,"valueName":"search_term_string"}}],"inLanguage":"es"},{"@type":"Organization","@id":"https:\/\/www.ioakimidis.com\/#organization","name":"Ioakimidis Textiles","url":"https:\/\/www.ioakimidis.com\/","logo":{"@type":"ImageObject","inLanguage":"es","@id":"https:\/\/www.ioakimidis.com\/#\/schema\/logo\/image\/","url":"https:\/\/www.ioakimidis.com\/wp-content\/uploads\/2019\/10\/Logo.png","contentUrl":"https:\/\/www.ioakimidis.com\/wp-content\/uploads\/2019\/10\/Logo.png","width":501,"height":125,"caption":"Ioakimidis Textiles"},"image":{"@id":"https:\/\/www.ioakimidis.com\/#\/schema\/logo\/image\/"},"sameAs":["https:\/\/www.facebook.com\/ioakimidis.textiles\/","https:\/\/www.instagram.com\/ioakimidis_textiles\/?hl=el","https:\/\/www.linkedin.com\/company\/ioakimidis-textiles\/mycompany\/?viewAsMember=true","https:\/\/www.youtube.com\/watch?v=KCilRMQjxpo"]}]}},"_links":{"self":[{"href":"https:\/\/www.ioakimidis.com\/es\/wp-json\/wp\/v2\/pages\/6206","targetHints":{"allow":["GET"]}}],"collection":[{"href":"https:\/\/www.ioakimidis.com\/es\/wp-json\/wp\/v2\/pages"}],"about":[{"href":"https:\/\/www.ioakimidis.com\/es\/wp-json\/wp\/v2\/types\/page"}],"author":[{"embeddable":true,"href":"https:\/\/www.ioakimidis.com\/es\/wp-json\/wp\/v2\/users\/7"}],"replies":[{"embeddable":true,"href":"https:\/\/www.ioakimidis.com\/es\/wp-json\/wp\/v2\/comments?post=6206"}],"version-history":[{"count":3,"href":"https:\/\/www.ioakimidis.com\/es\/wp-json\/wp\/v2\/pages\/6206\/revisions"}],"predecessor-version":[{"id":7165,"href":"https:\/\/www.ioakimidis.com\/es\/wp-json\/wp\/v2\/pages\/6206\/revisions\/7165"}],"wp:attachment":[{"href":"https:\/\/www.ioakimidis.com\/es\/wp-json\/wp\/v2\/media?parent=6206"}],"curies":[{"name":"wp","href":"https:\/\/api.w.org\/{rel}","templated":true}]}}