{"id":6639,"date":"2019-09-27T06:38:32","date_gmt":"2019-09-27T06:38:32","guid":{"rendered":"https:\/\/www.ioakimidis.com\/history\/"},"modified":"2021-09-14T12:49:37","modified_gmt":"2021-09-14T12:49:37","slug":"history","status":"publish","type":"page","link":"https:\/\/www.ioakimidis.com\/fr\/history\/","title":{"rendered":"NOTRE HISTOIRE"},"content":{"rendered":"","protected":false},"excerpt":{"rendered":"","protected":false},"author":7,"featured_media":0,"parent":0,"menu_order":52,"comment_status":"closed","ping_status":"closed","template":"","meta":{"footnotes":""},"class_list":["post-6639","page","type-page","status-publish","hentry"],"acf":[],"yoast_head":"<!-- This site is optimized with the Yoast SEO plugin v24.9 - https:\/\/yoast.com\/wordpress\/plugins\/seo\/ -->\n<title>NOTRE HISTOIRE - Ioakimidis<\/title>\n<meta name=\"description\" content=\"Aujourd&#039;hui - Nous sommes ici, partageant la m\u00eame passion et le m\u00eame amour qui nous ont anim\u00e9s d\u00e8s le premier instant, au service de l&#039;industrie textile avec un puissant m\u00e9lange de valeurs non n\u00e9gociables, de soif d&#039;innovation, de respect de la tradition et d&#039;amour pour le textile.\" \/>\n<meta name=\"robots\" content=\"index, follow, max-snippet:-1, max-image-preview:large, max-video-preview:-1\" \/>\n<link rel=\"canonical\" href=\"https:\/\/www.ioakimidis.com\/fr\/history\/\" \/>\n<meta property=\"og:locale\" content=\"fr_FR\" \/>\n<meta property=\"og:type\" content=\"article\" \/>\n<meta property=\"og:title\" content=\"NOTRE HISTOIRE - Ioakimidis\" \/>\n<meta property=\"og:description\" content=\"Aujourd&#039;hui - Nous sommes ici, partageant la m\u00eame passion et le m\u00eame amour qui nous ont anim\u00e9s d\u00e8s le premier instant, au service de l&#039;industrie textile avec un puissant m\u00e9lange de valeurs non n\u00e9gociables, de soif d&#039;innovation, de respect de la tradition et d&#039;amour pour le textile.\" \/>\n<meta property=\"og:url\" content=\"https:\/\/www.ioakimidis.com\/fr\/history\/\" \/>\n<meta property=\"og:site_name\" content=\"Ioakimidis\" \/>\n<meta property=\"article:publisher\" content=\"https:\/\/www.facebook.com\/ioakimidis.textiles\/\" \/>\n<meta property=\"article:modified_time\" content=\"2021-09-14T12:49:37+00:00\" \/>\n<meta name=\"twitter:card\" content=\"summary_large_image\" \/>\n<script type=\"application\/ld+json\" class=\"yoast-schema-graph\">{\"@context\":\"https:\/\/schema.org\",\"@graph\":[{\"@type\":\"WebPage\",\"@id\":\"https:\/\/www.ioakimidis.com\/fr\/history\/\",\"url\":\"https:\/\/www.ioakimidis.com\/fr\/history\/\",\"name\":\"NOTRE HISTOIRE - Ioakimidis\",\"isPartOf\":{\"@id\":\"https:\/\/www.ioakimidis.com\/#website\"},\"datePublished\":\"2019-09-27T06:38:32+00:00\",\"dateModified\":\"2021-09-14T12:49:37+00:00\",\"description\":\"Aujourd'hui - Nous sommes ici, partageant la m\u00eame passion et le m\u00eame amour qui nous ont anim\u00e9s d\u00e8s le premier instant, au service de l'industrie textile avec un puissant m\u00e9lange de valeurs non n\u00e9gociables, de soif d'innovation, de respect de la tradition et d'amour pour le textile.\",\"breadcrumb\":{\"@id\":\"https:\/\/www.ioakimidis.com\/fr\/history\/#breadcrumb\"},\"inLanguage\":\"fr-FR\",\"potentialAction\":[{\"@type\":\"ReadAction\",\"target\":[\"https:\/\/www.ioakimidis.com\/fr\/history\/\"]}]},{\"@type\":\"BreadcrumbList\",\"@id\":\"https:\/\/www.ioakimidis.com\/fr\/history\/#breadcrumb\",\"itemListElement\":[{\"@type\":\"ListItem\",\"position\":1,\"name\":\"Home\",\"item\":\"https:\/\/www.ioakimidis.com\/fr\/\"},{\"@type\":\"ListItem\",\"position\":2,\"name\":\"NOTRE HISTOIRE\"}]},{\"@type\":\"WebSite\",\"@id\":\"https:\/\/www.ioakimidis.com\/#website\",\"url\":\"https:\/\/www.ioakimidis.com\/\",\"name\":\"Ioakimidis\",\"description\":\"\",\"publisher\":{\"@id\":\"https:\/\/www.ioakimidis.com\/#organization\"},\"potentialAction\":[{\"@type\":\"SearchAction\",\"target\":{\"@type\":\"EntryPoint\",\"urlTemplate\":\"https:\/\/www.ioakimidis.com\/?s={search_term_string}\"},\"query-input\":{\"@type\":\"PropertyValueSpecification\",\"valueRequired\":true,\"valueName\":\"search_term_string\"}}],\"inLanguage\":\"fr-FR\"},{\"@type\":\"Organization\",\"@id\":\"https:\/\/www.ioakimidis.com\/#organization\",\"name\":\"Ioakimidis Textiles\",\"url\":\"https:\/\/www.ioakimidis.com\/\",\"logo\":{\"@type\":\"ImageObject\",\"inLanguage\":\"fr-FR\",\"@id\":\"https:\/\/www.ioakimidis.com\/#\/schema\/logo\/image\/\",\"url\":\"https:\/\/www.ioakimidis.com\/wp-content\/uploads\/2019\/10\/Logo.png\",\"contentUrl\":\"https:\/\/www.ioakimidis.com\/wp-content\/uploads\/2019\/10\/Logo.png\",\"width\":501,\"height\":125,\"caption\":\"Ioakimidis Textiles\"},\"image\":{\"@id\":\"https:\/\/www.ioakimidis.com\/#\/schema\/logo\/image\/\"},\"sameAs\":[\"https:\/\/www.facebook.com\/ioakimidis.textiles\/\",\"https:\/\/www.instagram.com\/ioakimidis_textiles\/?hl=el\",\"https:\/\/www.linkedin.com\/company\/ioakimidis-textiles\/mycompany\/?viewAsMember=true\",\"https:\/\/www.youtube.com\/watch?v=KCilRMQjxpo\"]}]}<\/script>\n<!-- \/ Yoast SEO plugin. -->","yoast_head_json":{"title":"NOTRE HISTOIRE - Ioakimidis","description":"Aujourd'hui - Nous sommes ici, partageant la m\u00eame passion et le m\u00eame amour qui nous ont anim\u00e9s d\u00e8s le premier instant, au service de l'industrie textile avec un puissant m\u00e9lange de valeurs non n\u00e9gociables, de soif d'innovation, de respect de la tradition et d'amour pour le textile.","robots":{"index":"index","follow":"follow","max-snippet":"max-snippet:-1","max-image-preview":"max-image-preview:large","max-video-preview":"max-video-preview:-1"},"canonical":"https:\/\/www.ioakimidis.com\/fr\/history\/","og_locale":"fr_FR","og_type":"article","og_title":"NOTRE HISTOIRE - Ioakimidis","og_description":"Aujourd'hui - Nous sommes ici, partageant la m\u00eame passion et le m\u00eame amour qui nous ont anim\u00e9s d\u00e8s le premier instant, au service de l'industrie textile avec un puissant m\u00e9lange de valeurs non n\u00e9gociables, de soif d'innovation, de respect de la tradition et d'amour pour le textile.","og_url":"https:\/\/www.ioakimidis.com\/fr\/history\/","og_site_name":"Ioakimidis","article_publisher":"https:\/\/www.facebook.com\/ioakimidis.textiles\/","article_modified_time":"2021-09-14T12:49:37+00:00","twitter_card":"summary_large_image","schema":{"@context":"https:\/\/schema.org","@graph":[{"@type":"WebPage","@id":"https:\/\/www.ioakimidis.com\/fr\/history\/","url":"https:\/\/www.ioakimidis.com\/fr\/history\/","name":"NOTRE HISTOIRE - Ioakimidis","isPartOf":{"@id":"https:\/\/www.ioakimidis.com\/#website"},"datePublished":"2019-09-27T06:38:32+00:00","dateModified":"2021-09-14T12:49:37+00:00","description":"Aujourd'hui - Nous sommes ici, partageant la m\u00eame passion et le m\u00eame amour qui nous ont anim\u00e9s d\u00e8s le premier instant, au service de l'industrie textile avec un puissant m\u00e9lange de valeurs non n\u00e9gociables, de soif d'innovation, de respect de la tradition et d'amour pour le textile.","breadcrumb":{"@id":"https:\/\/www.ioakimidis.com\/fr\/history\/#breadcrumb"},"inLanguage":"fr-FR","potentialAction":[{"@type":"ReadAction","target":["https:\/\/www.ioakimidis.com\/fr\/history\/"]}]},{"@type":"BreadcrumbList","@id":"https:\/\/www.ioakimidis.com\/fr\/history\/#breadcrumb","itemListElement":[{"@type":"ListItem","position":1,"name":"Home","item":"https:\/\/www.ioakimidis.com\/fr\/"},{"@type":"ListItem","position":2,"name":"NOTRE HISTOIRE"}]},{"@type":"WebSite","@id":"https:\/\/www.ioakimidis.com\/#website","url":"https:\/\/www.ioakimidis.com\/","name":"Ioakimidis","description":"","publisher":{"@id":"https:\/\/www.ioakimidis.com\/#organization"},"potentialAction":[{"@type":"SearchAction","target":{"@type":"EntryPoint","urlTemplate":"https:\/\/www.ioakimidis.com\/?s={search_term_string}"},"query-input":{"@type":"PropertyValueSpecification","valueRequired":true,"valueName":"search_term_string"}}],"inLanguage":"fr-FR"},{"@type":"Organization","@id":"https:\/\/www.ioakimidis.com\/#organization","name":"Ioakimidis Textiles","url":"https:\/\/www.ioakimidis.com\/","logo":{"@type":"ImageObject","inLanguage":"fr-FR","@id":"https:\/\/www.ioakimidis.com\/#\/schema\/logo\/image\/","url":"https:\/\/www.ioakimidis.com\/wp-content\/uploads\/2019\/10\/Logo.png","contentUrl":"https:\/\/www.ioakimidis.com\/wp-content\/uploads\/2019\/10\/Logo.png","width":501,"height":125,"caption":"Ioakimidis Textiles"},"image":{"@id":"https:\/\/www.ioakimidis.com\/#\/schema\/logo\/image\/"},"sameAs":["https:\/\/www.facebook.com\/ioakimidis.textiles\/","https:\/\/www.instagram.com\/ioakimidis_textiles\/?hl=el","https:\/\/www.linkedin.com\/company\/ioakimidis-textiles\/mycompany\/?viewAsMember=true","https:\/\/www.youtube.com\/watch?v=KCilRMQjxpo"]}]}},"_links":{"self":[{"href":"https:\/\/www.ioakimidis.com\/fr\/wp-json\/wp\/v2\/pages\/6639","targetHints":{"allow":["GET"]}}],"collection":[{"href":"https:\/\/www.ioakimidis.com\/fr\/wp-json\/wp\/v2\/pages"}],"about":[{"href":"https:\/\/www.ioakimidis.com\/fr\/wp-json\/wp\/v2\/types\/page"}],"author":[{"embeddable":true,"href":"https:\/\/www.ioakimidis.com\/fr\/wp-json\/wp\/v2\/users\/7"}],"replies":[{"embeddable":true,"href":"https:\/\/www.ioakimidis.com\/fr\/wp-json\/wp\/v2\/comments?post=6639"}],"version-history":[{"count":3,"href":"https:\/\/www.ioakimidis.com\/fr\/wp-json\/wp\/v2\/pages\/6639\/revisions"}],"predecessor-version":[{"id":6754,"href":"https:\/\/www.ioakimidis.com\/fr\/wp-json\/wp\/v2\/pages\/6639\/revisions\/6754"}],"wp:attachment":[{"href":"https:\/\/www.ioakimidis.com\/fr\/wp-json\/wp\/v2\/media?parent=6639"}],"curies":[{"name":"wp","href":"https:\/\/api.w.org\/{rel}","templated":true}]}}