{"id":6644,"date":"2020-06-18T11:48:12","date_gmt":"2020-06-18T11:48:12","guid":{"rendered":"https:\/\/www.ioakimidis.com\/our-people\/"},"modified":"2021-09-14T12:42:03","modified_gmt":"2021-09-14T12:42:03","slug":"our-people","status":"publish","type":"page","link":"https:\/\/www.ioakimidis.com\/fr\/our-people\/","title":{"rendered":"NOS EMPLOY\u00c9S"},"content":{"rendered":"","protected":false},"excerpt":{"rendered":"","protected":false},"author":7,"featured_media":0,"parent":0,"menu_order":27,"comment_status":"closed","ping_status":"closed","template":"","meta":{"footnotes":""},"class_list":["post-6644","page","type-page","status-publish","hentry"],"acf":[],"yoast_head":"<!-- This site is optimized with the Yoast SEO plugin v24.9 - https:\/\/yoast.com\/wordpress\/plugins\/seo\/ -->\n<title>NOS EMPLOY\u00c9S - Ioakimidis<\/title>\n<meta name=\"description\" content=\"Nos employ\u00e9s sont notre force. Nos employ\u00e9s sont la partie la plus importante chez Ioakimidis Textiles. Ils jouent un r\u00f4le crucial dans notre croissance et notre \u00e9volution constante, ajoutant de la valeur pr\u00e9cieuse \u00e0 notre entreprise et \u00e9tant toujours anim\u00e9spar la responsabilit\u00e9 et le respect du d\u00e9veloppement durable.\" \/>\n<meta name=\"robots\" content=\"index, follow, max-snippet:-1, max-image-preview:large, max-video-preview:-1\" \/>\n<link rel=\"canonical\" href=\"https:\/\/www.ioakimidis.com\/fr\/our-people\/\" \/>\n<meta property=\"og:locale\" content=\"fr_FR\" \/>\n<meta property=\"og:type\" content=\"article\" \/>\n<meta property=\"og:title\" content=\"NOS EMPLOY\u00c9S - Ioakimidis\" \/>\n<meta property=\"og:description\" content=\"Nos employ\u00e9s sont notre force. Nos employ\u00e9s sont la partie la plus importante chez Ioakimidis Textiles. Ils jouent un r\u00f4le crucial dans notre croissance et notre \u00e9volution constante, ajoutant de la valeur pr\u00e9cieuse \u00e0 notre entreprise et \u00e9tant toujours anim\u00e9spar la responsabilit\u00e9 et le respect du d\u00e9veloppement durable.\" \/>\n<meta property=\"og:url\" content=\"https:\/\/www.ioakimidis.com\/fr\/our-people\/\" \/>\n<meta property=\"og:site_name\" content=\"Ioakimidis\" \/>\n<meta property=\"article:publisher\" content=\"https:\/\/www.facebook.com\/ioakimidis.textiles\/\" \/>\n<meta property=\"article:modified_time\" content=\"2021-09-14T12:42:03+00:00\" \/>\n<meta name=\"twitter:card\" content=\"summary_large_image\" \/>\n<script type=\"application\/ld+json\" class=\"yoast-schema-graph\">{\"@context\":\"https:\/\/schema.org\",\"@graph\":[{\"@type\":\"WebPage\",\"@id\":\"https:\/\/www.ioakimidis.com\/fr\/our-people\/\",\"url\":\"https:\/\/www.ioakimidis.com\/fr\/our-people\/\",\"name\":\"NOS EMPLOY\u00c9S - Ioakimidis\",\"isPartOf\":{\"@id\":\"https:\/\/www.ioakimidis.com\/#website\"},\"datePublished\":\"2020-06-18T11:48:12+00:00\",\"dateModified\":\"2021-09-14T12:42:03+00:00\",\"description\":\"Nos employ\u00e9s sont notre force. Nos employ\u00e9s sont la partie la plus importante chez Ioakimidis Textiles. Ils jouent un r\u00f4le crucial dans notre croissance et notre \u00e9volution constante, ajoutant de la valeur pr\u00e9cieuse \u00e0 notre entreprise et \u00e9tant toujours anim\u00e9spar la responsabilit\u00e9 et le respect du d\u00e9veloppement durable.\",\"breadcrumb\":{\"@id\":\"https:\/\/www.ioakimidis.com\/fr\/our-people\/#breadcrumb\"},\"inLanguage\":\"fr-FR\",\"potentialAction\":[{\"@type\":\"ReadAction\",\"target\":[\"https:\/\/www.ioakimidis.com\/fr\/our-people\/\"]}]},{\"@type\":\"BreadcrumbList\",\"@id\":\"https:\/\/www.ioakimidis.com\/fr\/our-people\/#breadcrumb\",\"itemListElement\":[{\"@type\":\"ListItem\",\"position\":1,\"name\":\"Home\",\"item\":\"https:\/\/www.ioakimidis.com\/fr\/\"},{\"@type\":\"ListItem\",\"position\":2,\"name\":\"NOS EMPLOY\u00c9S\"}]},{\"@type\":\"WebSite\",\"@id\":\"https:\/\/www.ioakimidis.com\/#website\",\"url\":\"https:\/\/www.ioakimidis.com\/\",\"name\":\"Ioakimidis\",\"description\":\"\",\"publisher\":{\"@id\":\"https:\/\/www.ioakimidis.com\/#organization\"},\"potentialAction\":[{\"@type\":\"SearchAction\",\"target\":{\"@type\":\"EntryPoint\",\"urlTemplate\":\"https:\/\/www.ioakimidis.com\/?s={search_term_string}\"},\"query-input\":{\"@type\":\"PropertyValueSpecification\",\"valueRequired\":true,\"valueName\":\"search_term_string\"}}],\"inLanguage\":\"fr-FR\"},{\"@type\":\"Organization\",\"@id\":\"https:\/\/www.ioakimidis.com\/#organization\",\"name\":\"Ioakimidis Textiles\",\"url\":\"https:\/\/www.ioakimidis.com\/\",\"logo\":{\"@type\":\"ImageObject\",\"inLanguage\":\"fr-FR\",\"@id\":\"https:\/\/www.ioakimidis.com\/#\/schema\/logo\/image\/\",\"url\":\"https:\/\/www.ioakimidis.com\/wp-content\/uploads\/2019\/10\/Logo.png\",\"contentUrl\":\"https:\/\/www.ioakimidis.com\/wp-content\/uploads\/2019\/10\/Logo.png\",\"width\":501,\"height\":125,\"caption\":\"Ioakimidis Textiles\"},\"image\":{\"@id\":\"https:\/\/www.ioakimidis.com\/#\/schema\/logo\/image\/\"},\"sameAs\":[\"https:\/\/www.facebook.com\/ioakimidis.textiles\/\",\"https:\/\/www.instagram.com\/ioakimidis_textiles\/?hl=el\",\"https:\/\/www.linkedin.com\/company\/ioakimidis-textiles\/mycompany\/?viewAsMember=true\",\"https:\/\/www.youtube.com\/watch?v=KCilRMQjxpo\"]}]}<\/script>\n<!-- \/ Yoast SEO plugin. -->","yoast_head_json":{"title":"NOS EMPLOY\u00c9S - Ioakimidis","description":"Nos employ\u00e9s sont notre force. Nos employ\u00e9s sont la partie la plus importante chez Ioakimidis Textiles. Ils jouent un r\u00f4le crucial dans notre croissance et notre \u00e9volution constante, ajoutant de la valeur pr\u00e9cieuse \u00e0 notre entreprise et \u00e9tant toujours anim\u00e9spar la responsabilit\u00e9 et le respect du d\u00e9veloppement durable.","robots":{"index":"index","follow":"follow","max-snippet":"max-snippet:-1","max-image-preview":"max-image-preview:large","max-video-preview":"max-video-preview:-1"},"canonical":"https:\/\/www.ioakimidis.com\/fr\/our-people\/","og_locale":"fr_FR","og_type":"article","og_title":"NOS EMPLOY\u00c9S - Ioakimidis","og_description":"Nos employ\u00e9s sont notre force. Nos employ\u00e9s sont la partie la plus importante chez Ioakimidis Textiles. Ils jouent un r\u00f4le crucial dans notre croissance et notre \u00e9volution constante, ajoutant de la valeur pr\u00e9cieuse \u00e0 notre entreprise et \u00e9tant toujours anim\u00e9spar la responsabilit\u00e9 et le respect du d\u00e9veloppement durable.","og_url":"https:\/\/www.ioakimidis.com\/fr\/our-people\/","og_site_name":"Ioakimidis","article_publisher":"https:\/\/www.facebook.com\/ioakimidis.textiles\/","article_modified_time":"2021-09-14T12:42:03+00:00","twitter_card":"summary_large_image","schema":{"@context":"https:\/\/schema.org","@graph":[{"@type":"WebPage","@id":"https:\/\/www.ioakimidis.com\/fr\/our-people\/","url":"https:\/\/www.ioakimidis.com\/fr\/our-people\/","name":"NOS EMPLOY\u00c9S - Ioakimidis","isPartOf":{"@id":"https:\/\/www.ioakimidis.com\/#website"},"datePublished":"2020-06-18T11:48:12+00:00","dateModified":"2021-09-14T12:42:03+00:00","description":"Nos employ\u00e9s sont notre force. Nos employ\u00e9s sont la partie la plus importante chez Ioakimidis Textiles. Ils jouent un r\u00f4le crucial dans notre croissance et notre \u00e9volution constante, ajoutant de la valeur pr\u00e9cieuse \u00e0 notre entreprise et \u00e9tant toujours anim\u00e9spar la responsabilit\u00e9 et le respect du d\u00e9veloppement durable.","breadcrumb":{"@id":"https:\/\/www.ioakimidis.com\/fr\/our-people\/#breadcrumb"},"inLanguage":"fr-FR","potentialAction":[{"@type":"ReadAction","target":["https:\/\/www.ioakimidis.com\/fr\/our-people\/"]}]},{"@type":"BreadcrumbList","@id":"https:\/\/www.ioakimidis.com\/fr\/our-people\/#breadcrumb","itemListElement":[{"@type":"ListItem","position":1,"name":"Home","item":"https:\/\/www.ioakimidis.com\/fr\/"},{"@type":"ListItem","position":2,"name":"NOS EMPLOY\u00c9S"}]},{"@type":"WebSite","@id":"https:\/\/www.ioakimidis.com\/#website","url":"https:\/\/www.ioakimidis.com\/","name":"Ioakimidis","description":"","publisher":{"@id":"https:\/\/www.ioakimidis.com\/#organization"},"potentialAction":[{"@type":"SearchAction","target":{"@type":"EntryPoint","urlTemplate":"https:\/\/www.ioakimidis.com\/?s={search_term_string}"},"query-input":{"@type":"PropertyValueSpecification","valueRequired":true,"valueName":"search_term_string"}}],"inLanguage":"fr-FR"},{"@type":"Organization","@id":"https:\/\/www.ioakimidis.com\/#organization","name":"Ioakimidis Textiles","url":"https:\/\/www.ioakimidis.com\/","logo":{"@type":"ImageObject","inLanguage":"fr-FR","@id":"https:\/\/www.ioakimidis.com\/#\/schema\/logo\/image\/","url":"https:\/\/www.ioakimidis.com\/wp-content\/uploads\/2019\/10\/Logo.png","contentUrl":"https:\/\/www.ioakimidis.com\/wp-content\/uploads\/2019\/10\/Logo.png","width":501,"height":125,"caption":"Ioakimidis Textiles"},"image":{"@id":"https:\/\/www.ioakimidis.com\/#\/schema\/logo\/image\/"},"sameAs":["https:\/\/www.facebook.com\/ioakimidis.textiles\/","https:\/\/www.instagram.com\/ioakimidis_textiles\/?hl=el","https:\/\/www.linkedin.com\/company\/ioakimidis-textiles\/mycompany\/?viewAsMember=true","https:\/\/www.youtube.com\/watch?v=KCilRMQjxpo"]}]}},"_links":{"self":[{"href":"https:\/\/www.ioakimidis.com\/fr\/wp-json\/wp\/v2\/pages\/6644","targetHints":{"allow":["GET"]}}],"collection":[{"href":"https:\/\/www.ioakimidis.com\/fr\/wp-json\/wp\/v2\/pages"}],"about":[{"href":"https:\/\/www.ioakimidis.com\/fr\/wp-json\/wp\/v2\/types\/page"}],"author":[{"embeddable":true,"href":"https:\/\/www.ioakimidis.com\/fr\/wp-json\/wp\/v2\/users\/7"}],"replies":[{"embeddable":true,"href":"https:\/\/www.ioakimidis.com\/fr\/wp-json\/wp\/v2\/comments?post=6644"}],"version-history":[{"count":4,"href":"https:\/\/www.ioakimidis.com\/fr\/wp-json\/wp\/v2\/pages\/6644\/revisions"}],"predecessor-version":[{"id":6753,"href":"https:\/\/www.ioakimidis.com\/fr\/wp-json\/wp\/v2\/pages\/6644\/revisions\/6753"}],"wp:attachment":[{"href":"https:\/\/www.ioakimidis.com\/fr\/wp-json\/wp\/v2\/media?parent=6644"}],"curies":[{"name":"wp","href":"https:\/\/api.w.org\/{rel}","templated":true}]}}