{"id":6810,"date":"2019-10-02T13:34:44","date_gmt":"2019-10-02T13:34:44","guid":{"rendered":"https:\/\/www.ioakimidis.com\/international-presence-exports\/"},"modified":"2025-10-03T11:46:25","modified_gmt":"2025-10-03T11:46:25","slug":"international-presence-exports","status":"publish","type":"page","link":"https:\/\/www.ioakimidis.com\/fr\/international-presence-exports\/","title":{"rendered":"PR\u00c9SENCE INTERNATIONALE"},"content":{"rendered":"","protected":false},"excerpt":{"rendered":"","protected":false},"author":7,"featured_media":0,"parent":0,"menu_order":33,"comment_status":"closed","ping_status":"closed","template":"","meta":{"footnotes":""},"class_list":["post-6810","page","type-page","status-publish","hentry"],"acf":[],"yoast_head":"<!-- This site is optimized with the Yoast SEO plugin v24.9 - https:\/\/yoast.com\/wordpress\/plugins\/seo\/ -->\n<title>PR\u00c9SENCE INTERNATIONALE - Ioakimidis<\/title>\n<meta name=\"description\" content=\"Avec une forte expansion mondiale, nous exportons actuellement dans plus de 40 pays \u00e0 travers le monde. Nous continuons jour apr\u00e8s jour de fournir un service impeccable, en respectant les particularit\u00e9s des march\u00e9s locaux.\" \/>\n<meta name=\"robots\" content=\"index, follow, max-snippet:-1, max-image-preview:large, max-video-preview:-1\" \/>\n<link rel=\"canonical\" href=\"https:\/\/www.ioakimidis.com\/fr\/international-presence-exports\/\" \/>\n<meta property=\"og:locale\" content=\"fr_FR\" \/>\n<meta property=\"og:type\" content=\"article\" \/>\n<meta property=\"og:title\" content=\"PR\u00c9SENCE INTERNATIONALE - Ioakimidis\" \/>\n<meta property=\"og:description\" content=\"Avec une forte expansion mondiale, nous exportons actuellement dans plus de 40 pays \u00e0 travers le monde. Nous continuons jour apr\u00e8s jour de fournir un service impeccable, en respectant les particularit\u00e9s des march\u00e9s locaux.\" \/>\n<meta property=\"og:url\" content=\"https:\/\/www.ioakimidis.com\/fr\/international-presence-exports\/\" \/>\n<meta property=\"og:site_name\" content=\"Ioakimidis\" \/>\n<meta property=\"article:publisher\" content=\"https:\/\/www.facebook.com\/ioakimidis.textiles\/\" \/>\n<meta property=\"article:modified_time\" content=\"2025-10-03T11:46:25+00:00\" \/>\n<meta name=\"twitter:card\" content=\"summary_large_image\" \/>\n<script type=\"application\/ld+json\" class=\"yoast-schema-graph\">{\"@context\":\"https:\/\/schema.org\",\"@graph\":[{\"@type\":\"WebPage\",\"@id\":\"https:\/\/www.ioakimidis.com\/fr\/international-presence-exports\/\",\"url\":\"https:\/\/www.ioakimidis.com\/fr\/international-presence-exports\/\",\"name\":\"PR\u00c9SENCE INTERNATIONALE - Ioakimidis\",\"isPartOf\":{\"@id\":\"https:\/\/www.ioakimidis.com\/#website\"},\"datePublished\":\"2019-10-02T13:34:44+00:00\",\"dateModified\":\"2025-10-03T11:46:25+00:00\",\"description\":\"Avec une forte expansion mondiale, nous exportons actuellement dans plus de 40 pays \u00e0 travers le monde. Nous continuons jour apr\u00e8s jour de fournir un service impeccable, en respectant les particularit\u00e9s des march\u00e9s locaux.\",\"breadcrumb\":{\"@id\":\"https:\/\/www.ioakimidis.com\/fr\/international-presence-exports\/#breadcrumb\"},\"inLanguage\":\"fr-FR\",\"potentialAction\":[{\"@type\":\"ReadAction\",\"target\":[\"https:\/\/www.ioakimidis.com\/fr\/international-presence-exports\/\"]}]},{\"@type\":\"BreadcrumbList\",\"@id\":\"https:\/\/www.ioakimidis.com\/fr\/international-presence-exports\/#breadcrumb\",\"itemListElement\":[{\"@type\":\"ListItem\",\"position\":1,\"name\":\"Home\",\"item\":\"https:\/\/www.ioakimidis.com\/fr\/\"},{\"@type\":\"ListItem\",\"position\":2,\"name\":\"PR\u00c9SENCE INTERNATIONALE\"}]},{\"@type\":\"WebSite\",\"@id\":\"https:\/\/www.ioakimidis.com\/#website\",\"url\":\"https:\/\/www.ioakimidis.com\/\",\"name\":\"Ioakimidis\",\"description\":\"\",\"publisher\":{\"@id\":\"https:\/\/www.ioakimidis.com\/#organization\"},\"potentialAction\":[{\"@type\":\"SearchAction\",\"target\":{\"@type\":\"EntryPoint\",\"urlTemplate\":\"https:\/\/www.ioakimidis.com\/?s={search_term_string}\"},\"query-input\":{\"@type\":\"PropertyValueSpecification\",\"valueRequired\":true,\"valueName\":\"search_term_string\"}}],\"inLanguage\":\"fr-FR\"},{\"@type\":\"Organization\",\"@id\":\"https:\/\/www.ioakimidis.com\/#organization\",\"name\":\"Ioakimidis Textiles\",\"url\":\"https:\/\/www.ioakimidis.com\/\",\"logo\":{\"@type\":\"ImageObject\",\"inLanguage\":\"fr-FR\",\"@id\":\"https:\/\/www.ioakimidis.com\/#\/schema\/logo\/image\/\",\"url\":\"https:\/\/www.ioakimidis.com\/wp-content\/uploads\/2019\/10\/Logo.png\",\"contentUrl\":\"https:\/\/www.ioakimidis.com\/wp-content\/uploads\/2019\/10\/Logo.png\",\"width\":501,\"height\":125,\"caption\":\"Ioakimidis Textiles\"},\"image\":{\"@id\":\"https:\/\/www.ioakimidis.com\/#\/schema\/logo\/image\/\"},\"sameAs\":[\"https:\/\/www.facebook.com\/ioakimidis.textiles\/\",\"https:\/\/www.instagram.com\/ioakimidis_textiles\/?hl=el\",\"https:\/\/www.linkedin.com\/company\/ioakimidis-textiles\/mycompany\/?viewAsMember=true\",\"https:\/\/www.youtube.com\/watch?v=KCilRMQjxpo\"]}]}<\/script>\n<!-- \/ Yoast SEO plugin. -->","yoast_head_json":{"title":"PR\u00c9SENCE INTERNATIONALE - Ioakimidis","description":"Avec une forte expansion mondiale, nous exportons actuellement dans plus de 40 pays \u00e0 travers le monde. Nous continuons jour apr\u00e8s jour de fournir un service impeccable, en respectant les particularit\u00e9s des march\u00e9s locaux.","robots":{"index":"index","follow":"follow","max-snippet":"max-snippet:-1","max-image-preview":"max-image-preview:large","max-video-preview":"max-video-preview:-1"},"canonical":"https:\/\/www.ioakimidis.com\/fr\/international-presence-exports\/","og_locale":"fr_FR","og_type":"article","og_title":"PR\u00c9SENCE INTERNATIONALE - Ioakimidis","og_description":"Avec une forte expansion mondiale, nous exportons actuellement dans plus de 40 pays \u00e0 travers le monde. Nous continuons jour apr\u00e8s jour de fournir un service impeccable, en respectant les particularit\u00e9s des march\u00e9s locaux.","og_url":"https:\/\/www.ioakimidis.com\/fr\/international-presence-exports\/","og_site_name":"Ioakimidis","article_publisher":"https:\/\/www.facebook.com\/ioakimidis.textiles\/","article_modified_time":"2025-10-03T11:46:25+00:00","twitter_card":"summary_large_image","schema":{"@context":"https:\/\/schema.org","@graph":[{"@type":"WebPage","@id":"https:\/\/www.ioakimidis.com\/fr\/international-presence-exports\/","url":"https:\/\/www.ioakimidis.com\/fr\/international-presence-exports\/","name":"PR\u00c9SENCE INTERNATIONALE - Ioakimidis","isPartOf":{"@id":"https:\/\/www.ioakimidis.com\/#website"},"datePublished":"2019-10-02T13:34:44+00:00","dateModified":"2025-10-03T11:46:25+00:00","description":"Avec une forte expansion mondiale, nous exportons actuellement dans plus de 40 pays \u00e0 travers le monde. Nous continuons jour apr\u00e8s jour de fournir un service impeccable, en respectant les particularit\u00e9s des march\u00e9s locaux.","breadcrumb":{"@id":"https:\/\/www.ioakimidis.com\/fr\/international-presence-exports\/#breadcrumb"},"inLanguage":"fr-FR","potentialAction":[{"@type":"ReadAction","target":["https:\/\/www.ioakimidis.com\/fr\/international-presence-exports\/"]}]},{"@type":"BreadcrumbList","@id":"https:\/\/www.ioakimidis.com\/fr\/international-presence-exports\/#breadcrumb","itemListElement":[{"@type":"ListItem","position":1,"name":"Home","item":"https:\/\/www.ioakimidis.com\/fr\/"},{"@type":"ListItem","position":2,"name":"PR\u00c9SENCE INTERNATIONALE"}]},{"@type":"WebSite","@id":"https:\/\/www.ioakimidis.com\/#website","url":"https:\/\/www.ioakimidis.com\/","name":"Ioakimidis","description":"","publisher":{"@id":"https:\/\/www.ioakimidis.com\/#organization"},"potentialAction":[{"@type":"SearchAction","target":{"@type":"EntryPoint","urlTemplate":"https:\/\/www.ioakimidis.com\/?s={search_term_string}"},"query-input":{"@type":"PropertyValueSpecification","valueRequired":true,"valueName":"search_term_string"}}],"inLanguage":"fr-FR"},{"@type":"Organization","@id":"https:\/\/www.ioakimidis.com\/#organization","name":"Ioakimidis Textiles","url":"https:\/\/www.ioakimidis.com\/","logo":{"@type":"ImageObject","inLanguage":"fr-FR","@id":"https:\/\/www.ioakimidis.com\/#\/schema\/logo\/image\/","url":"https:\/\/www.ioakimidis.com\/wp-content\/uploads\/2019\/10\/Logo.png","contentUrl":"https:\/\/www.ioakimidis.com\/wp-content\/uploads\/2019\/10\/Logo.png","width":501,"height":125,"caption":"Ioakimidis Textiles"},"image":{"@id":"https:\/\/www.ioakimidis.com\/#\/schema\/logo\/image\/"},"sameAs":["https:\/\/www.facebook.com\/ioakimidis.textiles\/","https:\/\/www.instagram.com\/ioakimidis_textiles\/?hl=el","https:\/\/www.linkedin.com\/company\/ioakimidis-textiles\/mycompany\/?viewAsMember=true","https:\/\/www.youtube.com\/watch?v=KCilRMQjxpo"]}]}},"_links":{"self":[{"href":"https:\/\/www.ioakimidis.com\/fr\/wp-json\/wp\/v2\/pages\/6810","targetHints":{"allow":["GET"]}}],"collection":[{"href":"https:\/\/www.ioakimidis.com\/fr\/wp-json\/wp\/v2\/pages"}],"about":[{"href":"https:\/\/www.ioakimidis.com\/fr\/wp-json\/wp\/v2\/types\/page"}],"author":[{"embeddable":true,"href":"https:\/\/www.ioakimidis.com\/fr\/wp-json\/wp\/v2\/users\/7"}],"replies":[{"embeddable":true,"href":"https:\/\/www.ioakimidis.com\/fr\/wp-json\/wp\/v2\/comments?post=6810"}],"version-history":[{"count":2,"href":"https:\/\/www.ioakimidis.com\/fr\/wp-json\/wp\/v2\/pages\/6810\/revisions"}],"predecessor-version":[{"id":6814,"href":"https:\/\/www.ioakimidis.com\/fr\/wp-json\/wp\/v2\/pages\/6810\/revisions\/6814"}],"wp:attachment":[{"href":"https:\/\/www.ioakimidis.com\/fr\/wp-json\/wp\/v2\/media?parent=6810"}],"curies":[{"name":"wp","href":"https:\/\/api.w.org\/{rel}","templated":true}]}}