{"id":6824,"date":"2020-06-23T19:19:45","date_gmt":"2020-06-23T19:19:45","guid":{"rendered":"https:\/\/www.ioakimidis.com\/social-responsibility\/"},"modified":"2025-11-13T08:27:28","modified_gmt":"2025-11-13T08:27:28","slug":"social-responsibility","status":"publish","type":"page","link":"https:\/\/www.ioakimidis.com\/fr\/social-responsibility\/","title":{"rendered":"RESPONSABILIT\u00c9 SOCIALE"},"content":{"rendered":"","protected":false},"excerpt":{"rendered":"","protected":false},"author":7,"featured_media":0,"parent":0,"menu_order":3,"comment_status":"closed","ping_status":"closed","template":"","meta":{"footnotes":""},"class_list":["post-6824","page","type-page","status-publish","hentry"],"acf":[],"yoast_head":"<!-- This site is optimized with the Yoast SEO plugin v24.9 - https:\/\/yoast.com\/wordpress\/plugins\/seo\/ -->\n<title>RESPONSABILIT\u00c9 SOCIALE - Ioakimidis<\/title>\n<meta name=\"description\" content=\"Nous prenons soin des gens et nous prenons soin de l&#039;environnement. Nous choisissons d&#039;agir de mani\u00e8re responsable avec des initiatives de RSE qui tendent \u00e0 am\u00e9liorer la qualit\u00e9 de vie de chacun pour nous permettre de livrer une plan\u00e8te plus saine \u00e0 la prochaine g\u00e9n\u00e9ration.\" \/>\n<meta name=\"robots\" content=\"index, follow, max-snippet:-1, max-image-preview:large, max-video-preview:-1\" \/>\n<link rel=\"canonical\" href=\"https:\/\/www.ioakimidis.com\/fr\/social-responsibility\/\" \/>\n<meta property=\"og:locale\" content=\"fr_FR\" \/>\n<meta property=\"og:type\" content=\"article\" \/>\n<meta property=\"og:title\" content=\"RESPONSABILIT\u00c9 SOCIALE - Ioakimidis\" \/>\n<meta property=\"og:description\" content=\"Nous prenons soin des gens et nous prenons soin de l&#039;environnement. Nous choisissons d&#039;agir de mani\u00e8re responsable avec des initiatives de RSE qui tendent \u00e0 am\u00e9liorer la qualit\u00e9 de vie de chacun pour nous permettre de livrer une plan\u00e8te plus saine \u00e0 la prochaine g\u00e9n\u00e9ration.\" \/>\n<meta property=\"og:url\" content=\"https:\/\/www.ioakimidis.com\/fr\/social-responsibility\/\" \/>\n<meta property=\"og:site_name\" content=\"Ioakimidis\" \/>\n<meta property=\"article:publisher\" content=\"https:\/\/www.facebook.com\/ioakimidis.textiles\/\" \/>\n<meta property=\"article:modified_time\" content=\"2025-11-13T08:27:28+00:00\" \/>\n<meta name=\"twitter:card\" content=\"summary_large_image\" \/>\n<script type=\"application\/ld+json\" class=\"yoast-schema-graph\">{\"@context\":\"https:\/\/schema.org\",\"@graph\":[{\"@type\":\"WebPage\",\"@id\":\"https:\/\/www.ioakimidis.com\/fr\/social-responsibility\/\",\"url\":\"https:\/\/www.ioakimidis.com\/fr\/social-responsibility\/\",\"name\":\"RESPONSABILIT\u00c9 SOCIALE - Ioakimidis\",\"isPartOf\":{\"@id\":\"https:\/\/www.ioakimidis.com\/#website\"},\"datePublished\":\"2020-06-23T19:19:45+00:00\",\"dateModified\":\"2025-11-13T08:27:28+00:00\",\"description\":\"Nous prenons soin des gens et nous prenons soin de l'environnement. Nous choisissons d'agir de mani\u00e8re responsable avec des initiatives de RSE qui tendent \u00e0 am\u00e9liorer la qualit\u00e9 de vie de chacun pour nous permettre de livrer une plan\u00e8te plus saine \u00e0 la prochaine g\u00e9n\u00e9ration.\",\"breadcrumb\":{\"@id\":\"https:\/\/www.ioakimidis.com\/fr\/social-responsibility\/#breadcrumb\"},\"inLanguage\":\"fr-FR\",\"potentialAction\":[{\"@type\":\"ReadAction\",\"target\":[\"https:\/\/www.ioakimidis.com\/fr\/social-responsibility\/\"]}]},{\"@type\":\"BreadcrumbList\",\"@id\":\"https:\/\/www.ioakimidis.com\/fr\/social-responsibility\/#breadcrumb\",\"itemListElement\":[{\"@type\":\"ListItem\",\"position\":1,\"name\":\"Home\",\"item\":\"https:\/\/www.ioakimidis.com\/fr\/\"},{\"@type\":\"ListItem\",\"position\":2,\"name\":\"RESPONSABILIT\u00c9 SOCIALE\"}]},{\"@type\":\"WebSite\",\"@id\":\"https:\/\/www.ioakimidis.com\/#website\",\"url\":\"https:\/\/www.ioakimidis.com\/\",\"name\":\"Ioakimidis\",\"description\":\"\",\"publisher\":{\"@id\":\"https:\/\/www.ioakimidis.com\/#organization\"},\"potentialAction\":[{\"@type\":\"SearchAction\",\"target\":{\"@type\":\"EntryPoint\",\"urlTemplate\":\"https:\/\/www.ioakimidis.com\/?s={search_term_string}\"},\"query-input\":{\"@type\":\"PropertyValueSpecification\",\"valueRequired\":true,\"valueName\":\"search_term_string\"}}],\"inLanguage\":\"fr-FR\"},{\"@type\":\"Organization\",\"@id\":\"https:\/\/www.ioakimidis.com\/#organization\",\"name\":\"Ioakimidis Textiles\",\"url\":\"https:\/\/www.ioakimidis.com\/\",\"logo\":{\"@type\":\"ImageObject\",\"inLanguage\":\"fr-FR\",\"@id\":\"https:\/\/www.ioakimidis.com\/#\/schema\/logo\/image\/\",\"url\":\"https:\/\/www.ioakimidis.com\/wp-content\/uploads\/2019\/10\/Logo.png\",\"contentUrl\":\"https:\/\/www.ioakimidis.com\/wp-content\/uploads\/2019\/10\/Logo.png\",\"width\":501,\"height\":125,\"caption\":\"Ioakimidis Textiles\"},\"image\":{\"@id\":\"https:\/\/www.ioakimidis.com\/#\/schema\/logo\/image\/\"},\"sameAs\":[\"https:\/\/www.facebook.com\/ioakimidis.textiles\/\",\"https:\/\/www.instagram.com\/ioakimidis_textiles\/?hl=el\",\"https:\/\/www.linkedin.com\/company\/ioakimidis-textiles\/mycompany\/?viewAsMember=true\",\"https:\/\/www.youtube.com\/watch?v=KCilRMQjxpo\"]}]}<\/script>\n<!-- \/ Yoast SEO plugin. -->","yoast_head_json":{"title":"RESPONSABILIT\u00c9 SOCIALE - Ioakimidis","description":"Nous prenons soin des gens et nous prenons soin de l'environnement. Nous choisissons d'agir de mani\u00e8re responsable avec des initiatives de RSE qui tendent \u00e0 am\u00e9liorer la qualit\u00e9 de vie de chacun pour nous permettre de livrer une plan\u00e8te plus saine \u00e0 la prochaine g\u00e9n\u00e9ration.","robots":{"index":"index","follow":"follow","max-snippet":"max-snippet:-1","max-image-preview":"max-image-preview:large","max-video-preview":"max-video-preview:-1"},"canonical":"https:\/\/www.ioakimidis.com\/fr\/social-responsibility\/","og_locale":"fr_FR","og_type":"article","og_title":"RESPONSABILIT\u00c9 SOCIALE - Ioakimidis","og_description":"Nous prenons soin des gens et nous prenons soin de l'environnement. Nous choisissons d'agir de mani\u00e8re responsable avec des initiatives de RSE qui tendent \u00e0 am\u00e9liorer la qualit\u00e9 de vie de chacun pour nous permettre de livrer une plan\u00e8te plus saine \u00e0 la prochaine g\u00e9n\u00e9ration.","og_url":"https:\/\/www.ioakimidis.com\/fr\/social-responsibility\/","og_site_name":"Ioakimidis","article_publisher":"https:\/\/www.facebook.com\/ioakimidis.textiles\/","article_modified_time":"2025-11-13T08:27:28+00:00","twitter_card":"summary_large_image","schema":{"@context":"https:\/\/schema.org","@graph":[{"@type":"WebPage","@id":"https:\/\/www.ioakimidis.com\/fr\/social-responsibility\/","url":"https:\/\/www.ioakimidis.com\/fr\/social-responsibility\/","name":"RESPONSABILIT\u00c9 SOCIALE - Ioakimidis","isPartOf":{"@id":"https:\/\/www.ioakimidis.com\/#website"},"datePublished":"2020-06-23T19:19:45+00:00","dateModified":"2025-11-13T08:27:28+00:00","description":"Nous prenons soin des gens et nous prenons soin de l'environnement. Nous choisissons d'agir de mani\u00e8re responsable avec des initiatives de RSE qui tendent \u00e0 am\u00e9liorer la qualit\u00e9 de vie de chacun pour nous permettre de livrer une plan\u00e8te plus saine \u00e0 la prochaine g\u00e9n\u00e9ration.","breadcrumb":{"@id":"https:\/\/www.ioakimidis.com\/fr\/social-responsibility\/#breadcrumb"},"inLanguage":"fr-FR","potentialAction":[{"@type":"ReadAction","target":["https:\/\/www.ioakimidis.com\/fr\/social-responsibility\/"]}]},{"@type":"BreadcrumbList","@id":"https:\/\/www.ioakimidis.com\/fr\/social-responsibility\/#breadcrumb","itemListElement":[{"@type":"ListItem","position":1,"name":"Home","item":"https:\/\/www.ioakimidis.com\/fr\/"},{"@type":"ListItem","position":2,"name":"RESPONSABILIT\u00c9 SOCIALE"}]},{"@type":"WebSite","@id":"https:\/\/www.ioakimidis.com\/#website","url":"https:\/\/www.ioakimidis.com\/","name":"Ioakimidis","description":"","publisher":{"@id":"https:\/\/www.ioakimidis.com\/#organization"},"potentialAction":[{"@type":"SearchAction","target":{"@type":"EntryPoint","urlTemplate":"https:\/\/www.ioakimidis.com\/?s={search_term_string}"},"query-input":{"@type":"PropertyValueSpecification","valueRequired":true,"valueName":"search_term_string"}}],"inLanguage":"fr-FR"},{"@type":"Organization","@id":"https:\/\/www.ioakimidis.com\/#organization","name":"Ioakimidis Textiles","url":"https:\/\/www.ioakimidis.com\/","logo":{"@type":"ImageObject","inLanguage":"fr-FR","@id":"https:\/\/www.ioakimidis.com\/#\/schema\/logo\/image\/","url":"https:\/\/www.ioakimidis.com\/wp-content\/uploads\/2019\/10\/Logo.png","contentUrl":"https:\/\/www.ioakimidis.com\/wp-content\/uploads\/2019\/10\/Logo.png","width":501,"height":125,"caption":"Ioakimidis Textiles"},"image":{"@id":"https:\/\/www.ioakimidis.com\/#\/schema\/logo\/image\/"},"sameAs":["https:\/\/www.facebook.com\/ioakimidis.textiles\/","https:\/\/www.instagram.com\/ioakimidis_textiles\/?hl=el","https:\/\/www.linkedin.com\/company\/ioakimidis-textiles\/mycompany\/?viewAsMember=true","https:\/\/www.youtube.com\/watch?v=KCilRMQjxpo"]}]}},"_links":{"self":[{"href":"https:\/\/www.ioakimidis.com\/fr\/wp-json\/wp\/v2\/pages\/6824","targetHints":{"allow":["GET"]}}],"collection":[{"href":"https:\/\/www.ioakimidis.com\/fr\/wp-json\/wp\/v2\/pages"}],"about":[{"href":"https:\/\/www.ioakimidis.com\/fr\/wp-json\/wp\/v2\/types\/page"}],"author":[{"embeddable":true,"href":"https:\/\/www.ioakimidis.com\/fr\/wp-json\/wp\/v2\/users\/7"}],"replies":[{"embeddable":true,"href":"https:\/\/www.ioakimidis.com\/fr\/wp-json\/wp\/v2\/comments?post=6824"}],"version-history":[{"count":2,"href":"https:\/\/www.ioakimidis.com\/fr\/wp-json\/wp\/v2\/pages\/6824\/revisions"}],"predecessor-version":[{"id":6832,"href":"https:\/\/www.ioakimidis.com\/fr\/wp-json\/wp\/v2\/pages\/6824\/revisions\/6832"}],"wp:attachment":[{"href":"https:\/\/www.ioakimidis.com\/fr\/wp-json\/wp\/v2\/media?parent=6824"}],"curies":[{"name":"wp","href":"https:\/\/api.w.org\/{rel}","templated":true}]}}