{"id":8607,"date":"2024-09-11T12:15:25","date_gmt":"2024-09-11T12:15:25","guid":{"rendered":"https:\/\/www.ioakimidis.com\/printed-textiles\/"},"modified":"2024-12-03T14:18:30","modified_gmt":"2024-12-03T14:18:30","slug":"imprimes-textiles","status":"publish","type":"page","link":"https:\/\/www.ioakimidis.com\/fr\/imprimes-textiles\/","title":{"rendered":"IMPRIMES TEXTILES"},"content":{"rendered":"","protected":false},"excerpt":{"rendered":"","protected":false},"author":8,"featured_media":0,"parent":0,"menu_order":44,"comment_status":"closed","ping_status":"closed","template":"","meta":{"footnotes":""},"class_list":["post-8607","page","type-page","status-publish","hentry"],"acf":[],"yoast_head":"<!-- This site is optimized with the Yoast SEO plugin v24.9 - https:\/\/yoast.com\/wordpress\/plugins\/seo\/ -->\n<title>IMPRIMES TEXTILES - Ioakimidis<\/title>\n<meta name=\"description\" content=\"Pr\u00e9sentation de notre nouveau d\u00e9partement\u202f: des dessins imprim\u00e9s personnalis\u00e9s adapt\u00e9s aux besoins de nos clients. Une initiative r\u00e9volutionnaire qui vise \u00e0 inspirer et \u00e0 ennoblir l\u2019industrie de la mode.\" \/>\n<meta name=\"robots\" content=\"index, follow, max-snippet:-1, max-image-preview:large, max-video-preview:-1\" \/>\n<link rel=\"canonical\" href=\"https:\/\/www.ioakimidis.com\/fr\/imprimes-textiles\/\" \/>\n<meta property=\"og:locale\" content=\"fr_FR\" \/>\n<meta property=\"og:type\" content=\"article\" \/>\n<meta property=\"og:title\" content=\"IMPRIMES TEXTILES - Ioakimidis\" \/>\n<meta property=\"og:description\" content=\"Pr\u00e9sentation de notre nouveau d\u00e9partement\u202f: des dessins imprim\u00e9s personnalis\u00e9s adapt\u00e9s aux besoins de nos clients. Une initiative r\u00e9volutionnaire qui vise \u00e0 inspirer et \u00e0 ennoblir l\u2019industrie de la mode.\" \/>\n<meta property=\"og:url\" content=\"https:\/\/www.ioakimidis.com\/fr\/imprimes-textiles\/\" \/>\n<meta property=\"og:site_name\" content=\"Ioakimidis\" \/>\n<meta property=\"article:publisher\" content=\"https:\/\/www.facebook.com\/ioakimidis.textiles\/\" \/>\n<meta property=\"article:modified_time\" content=\"2024-12-03T14:18:30+00:00\" \/>\n<meta name=\"twitter:card\" content=\"summary_large_image\" \/>\n<script type=\"application\/ld+json\" class=\"yoast-schema-graph\">{\"@context\":\"https:\/\/schema.org\",\"@graph\":[{\"@type\":\"WebPage\",\"@id\":\"https:\/\/www.ioakimidis.com\/fr\/imprimes-textiles\/\",\"url\":\"https:\/\/www.ioakimidis.com\/fr\/imprimes-textiles\/\",\"name\":\"IMPRIMES TEXTILES - Ioakimidis\",\"isPartOf\":{\"@id\":\"https:\/\/www.ioakimidis.com\/#website\"},\"datePublished\":\"2024-09-11T12:15:25+00:00\",\"dateModified\":\"2024-12-03T14:18:30+00:00\",\"description\":\"Pr\u00e9sentation de notre nouveau d\u00e9partement\u202f: des dessins imprim\u00e9s personnalis\u00e9s adapt\u00e9s aux besoins de nos clients. Une initiative r\u00e9volutionnaire qui vise \u00e0 inspirer et \u00e0 ennoblir l\u2019industrie de la mode.\",\"breadcrumb\":{\"@id\":\"https:\/\/www.ioakimidis.com\/fr\/imprimes-textiles\/#breadcrumb\"},\"inLanguage\":\"fr-FR\",\"potentialAction\":[{\"@type\":\"ReadAction\",\"target\":[\"https:\/\/www.ioakimidis.com\/fr\/imprimes-textiles\/\"]}]},{\"@type\":\"BreadcrumbList\",\"@id\":\"https:\/\/www.ioakimidis.com\/fr\/imprimes-textiles\/#breadcrumb\",\"itemListElement\":[{\"@type\":\"ListItem\",\"position\":1,\"name\":\"Home\",\"item\":\"https:\/\/www.ioakimidis.com\/fr\/\"},{\"@type\":\"ListItem\",\"position\":2,\"name\":\"IMPRIMES TEXTILES\"}]},{\"@type\":\"WebSite\",\"@id\":\"https:\/\/www.ioakimidis.com\/#website\",\"url\":\"https:\/\/www.ioakimidis.com\/\",\"name\":\"Ioakimidis\",\"description\":\"\",\"publisher\":{\"@id\":\"https:\/\/www.ioakimidis.com\/#organization\"},\"potentialAction\":[{\"@type\":\"SearchAction\",\"target\":{\"@type\":\"EntryPoint\",\"urlTemplate\":\"https:\/\/www.ioakimidis.com\/?s={search_term_string}\"},\"query-input\":{\"@type\":\"PropertyValueSpecification\",\"valueRequired\":true,\"valueName\":\"search_term_string\"}}],\"inLanguage\":\"fr-FR\"},{\"@type\":\"Organization\",\"@id\":\"https:\/\/www.ioakimidis.com\/#organization\",\"name\":\"Ioakimidis Textiles\",\"url\":\"https:\/\/www.ioakimidis.com\/\",\"logo\":{\"@type\":\"ImageObject\",\"inLanguage\":\"fr-FR\",\"@id\":\"https:\/\/www.ioakimidis.com\/#\/schema\/logo\/image\/\",\"url\":\"https:\/\/www.ioakimidis.com\/wp-content\/uploads\/2019\/10\/Logo.png\",\"contentUrl\":\"https:\/\/www.ioakimidis.com\/wp-content\/uploads\/2019\/10\/Logo.png\",\"width\":501,\"height\":125,\"caption\":\"Ioakimidis Textiles\"},\"image\":{\"@id\":\"https:\/\/www.ioakimidis.com\/#\/schema\/logo\/image\/\"},\"sameAs\":[\"https:\/\/www.facebook.com\/ioakimidis.textiles\/\",\"https:\/\/www.instagram.com\/ioakimidis_textiles\/?hl=el\",\"https:\/\/www.linkedin.com\/company\/ioakimidis-textiles\/mycompany\/?viewAsMember=true\",\"https:\/\/www.youtube.com\/watch?v=KCilRMQjxpo\"]}]}<\/script>\n<!-- \/ Yoast SEO plugin. -->","yoast_head_json":{"title":"IMPRIMES TEXTILES - Ioakimidis","description":"Pr\u00e9sentation de notre nouveau d\u00e9partement\u202f: des dessins imprim\u00e9s personnalis\u00e9s adapt\u00e9s aux besoins de nos clients. Une initiative r\u00e9volutionnaire qui vise \u00e0 inspirer et \u00e0 ennoblir l\u2019industrie de la mode.","robots":{"index":"index","follow":"follow","max-snippet":"max-snippet:-1","max-image-preview":"max-image-preview:large","max-video-preview":"max-video-preview:-1"},"canonical":"https:\/\/www.ioakimidis.com\/fr\/imprimes-textiles\/","og_locale":"fr_FR","og_type":"article","og_title":"IMPRIMES TEXTILES - Ioakimidis","og_description":"Pr\u00e9sentation de notre nouveau d\u00e9partement\u202f: des dessins imprim\u00e9s personnalis\u00e9s adapt\u00e9s aux besoins de nos clients. Une initiative r\u00e9volutionnaire qui vise \u00e0 inspirer et \u00e0 ennoblir l\u2019industrie de la mode.","og_url":"https:\/\/www.ioakimidis.com\/fr\/imprimes-textiles\/","og_site_name":"Ioakimidis","article_publisher":"https:\/\/www.facebook.com\/ioakimidis.textiles\/","article_modified_time":"2024-12-03T14:18:30+00:00","twitter_card":"summary_large_image","schema":{"@context":"https:\/\/schema.org","@graph":[{"@type":"WebPage","@id":"https:\/\/www.ioakimidis.com\/fr\/imprimes-textiles\/","url":"https:\/\/www.ioakimidis.com\/fr\/imprimes-textiles\/","name":"IMPRIMES TEXTILES - Ioakimidis","isPartOf":{"@id":"https:\/\/www.ioakimidis.com\/#website"},"datePublished":"2024-09-11T12:15:25+00:00","dateModified":"2024-12-03T14:18:30+00:00","description":"Pr\u00e9sentation de notre nouveau d\u00e9partement\u202f: des dessins imprim\u00e9s personnalis\u00e9s adapt\u00e9s aux besoins de nos clients. Une initiative r\u00e9volutionnaire qui vise \u00e0 inspirer et \u00e0 ennoblir l\u2019industrie de la mode.","breadcrumb":{"@id":"https:\/\/www.ioakimidis.com\/fr\/imprimes-textiles\/#breadcrumb"},"inLanguage":"fr-FR","potentialAction":[{"@type":"ReadAction","target":["https:\/\/www.ioakimidis.com\/fr\/imprimes-textiles\/"]}]},{"@type":"BreadcrumbList","@id":"https:\/\/www.ioakimidis.com\/fr\/imprimes-textiles\/#breadcrumb","itemListElement":[{"@type":"ListItem","position":1,"name":"Home","item":"https:\/\/www.ioakimidis.com\/fr\/"},{"@type":"ListItem","position":2,"name":"IMPRIMES TEXTILES"}]},{"@type":"WebSite","@id":"https:\/\/www.ioakimidis.com\/#website","url":"https:\/\/www.ioakimidis.com\/","name":"Ioakimidis","description":"","publisher":{"@id":"https:\/\/www.ioakimidis.com\/#organization"},"potentialAction":[{"@type":"SearchAction","target":{"@type":"EntryPoint","urlTemplate":"https:\/\/www.ioakimidis.com\/?s={search_term_string}"},"query-input":{"@type":"PropertyValueSpecification","valueRequired":true,"valueName":"search_term_string"}}],"inLanguage":"fr-FR"},{"@type":"Organization","@id":"https:\/\/www.ioakimidis.com\/#organization","name":"Ioakimidis Textiles","url":"https:\/\/www.ioakimidis.com\/","logo":{"@type":"ImageObject","inLanguage":"fr-FR","@id":"https:\/\/www.ioakimidis.com\/#\/schema\/logo\/image\/","url":"https:\/\/www.ioakimidis.com\/wp-content\/uploads\/2019\/10\/Logo.png","contentUrl":"https:\/\/www.ioakimidis.com\/wp-content\/uploads\/2019\/10\/Logo.png","width":501,"height":125,"caption":"Ioakimidis Textiles"},"image":{"@id":"https:\/\/www.ioakimidis.com\/#\/schema\/logo\/image\/"},"sameAs":["https:\/\/www.facebook.com\/ioakimidis.textiles\/","https:\/\/www.instagram.com\/ioakimidis_textiles\/?hl=el","https:\/\/www.linkedin.com\/company\/ioakimidis-textiles\/mycompany\/?viewAsMember=true","https:\/\/www.youtube.com\/watch?v=KCilRMQjxpo"]}]}},"_links":{"self":[{"href":"https:\/\/www.ioakimidis.com\/fr\/wp-json\/wp\/v2\/pages\/8607","targetHints":{"allow":["GET"]}}],"collection":[{"href":"https:\/\/www.ioakimidis.com\/fr\/wp-json\/wp\/v2\/pages"}],"about":[{"href":"https:\/\/www.ioakimidis.com\/fr\/wp-json\/wp\/v2\/types\/page"}],"author":[{"embeddable":true,"href":"https:\/\/www.ioakimidis.com\/fr\/wp-json\/wp\/v2\/users\/8"}],"replies":[{"embeddable":true,"href":"https:\/\/www.ioakimidis.com\/fr\/wp-json\/wp\/v2\/comments?post=8607"}],"version-history":[{"count":6,"href":"https:\/\/www.ioakimidis.com\/fr\/wp-json\/wp\/v2\/pages\/8607\/revisions"}],"predecessor-version":[{"id":8920,"href":"https:\/\/www.ioakimidis.com\/fr\/wp-json\/wp\/v2\/pages\/8607\/revisions\/8920"}],"wp:attachment":[{"href":"https:\/\/www.ioakimidis.com\/fr\/wp-json\/wp\/v2\/media?parent=8607"}],"curies":[{"name":"wp","href":"https:\/\/api.w.org\/{rel}","templated":true}]}}